{"id":15,"date":"2023-05-29T15:17:47","date_gmt":"2023-05-29T22:17:47","guid":{"rendered":"https:\/\/www.ficanex.ca\/?page_id=15"},"modified":"2025-03-13T13:53:07","modified_gmt":"2025-03-13T20:53:07","slug":"home","status":"publish","type":"page","link":"https:\/\/www.ficanex.ca\/fr\/","title":{"rendered":"Home"},"content":{"rendered":"<style type=\"text\/css\" data-created_by=\"avia_inline_auto\" id=\"style-css-av-2a7nn-531fb230bde0fcd3c40a3696f997bc1c\">\n.avia-section.av-2a7nn-531fb230bde0fcd3c40a3696f997bc1c{\nbackground-repeat:no-repeat;\nbackground-image:url(https:\/\/www.ficanex.ca\/wp-content\/uploads\/2023\/05\/home_Hero-1.jpg);\nbackground-position:0% 0%;\nbackground-attachment:scroll;\n}\n<\/style>\n<div id='2-col-section'  class='avia-section av-2a7nn-531fb230bde0fcd3c40a3696f997bc1c main_color avia-section-default avia-no-border-styling  avia-builder-el-0  el_before_av_section  avia-builder-el-first  home-hero blue-section avia-full-stretch avia-bg-style-scroll container_wrap fullsize'  data-section-bg-repeat='stretch'><div class='container av-section-cont-open' ><main  role=\"main\" itemprop=\"mainContentOfPage\"  class='template-page content  av-content-full alpha units'><div class='post-entry post-entry-type-page post-entry-15'><div class='entry-content-wrapper clearfix'>\n<div  class='flex_column av-1fwon-587ebbd15431879b3bd57f9c535b1067 av_one_full  avia-builder-el-1  avia-builder-el-no-sibling  first flex_column_div avia-full-contain'     ><section  class='av_textblock_section av-15bcv-706c8342c418cd712a09fe4696d93c5e'   itemscope=\"itemscope\" itemtype=\"https:\/\/schema.org\/CreativeWork\" ><div class='avia_textblock'  itemprop=\"text\" ><h1>FICANEX Services democratizes access to technologies and solutions for financial services providers<\/h1>\n<p>Working with over 140 Canadian financial institutions, FICANEX Services enables accelerated innovation through collaborative partnerships and its legacy network.<\/p>\n<p class=\"mt-3\">En termes simples, nous favorisons l\u2019innovation acc\u00e9l\u00e9r\u00e9e!<\/p>\n<\/div><\/section><\/div><\/div><\/div><\/main><!-- close content main element --><\/div><\/div><div id='av_section_2'  class='avia-section av-26oq7-c035d33f660c56df01597fa7723e423e main_color avia-section-default avia-no-border-styling  avia-builder-el-3  el_after_av_section  el_before_av_section  col-2-section mobile-column-reverse col-2-center-img avia-bg-style-scroll container_wrap fullsize'  ><div class='container av-section-cont-open' ><div class='template-page content  av-content-full alpha units'><div class='post-entry post-entry-type-page post-entry-15'><div class='entry-content-wrapper clearfix'>\n<div class='flex_column_table av-1ho6r-cebff8ead18d00980fcd6662ddc41212 sc-av_one_full av-equal-height-column-flextable'><div  class='flex_column av-1ho6r-cebff8ead18d00980fcd6662ddc41212 av_one_full  avia-builder-el-4  el_before_av_one_full  avia-builder-el-first  first flex_column_table_cell av-equal-height-column av-align-middle'     ><section  class='av_textblock_section av-liav6kou-1db5dc4078234e8268e793429627c70e'   itemscope=\"itemscope\" itemtype=\"https:\/\/schema.org\/CreativeWork\" ><div class='avia_textblock'  itemprop=\"text\" ><h1 class=\"border-bottom\">Canada\u2019s largest surcharge-free ATM Network<\/h1>\n<hr \/>\n<p>THE EXCHANGE Network is over 2,600 ATMs strong. No matter where your customers are in Canada, they can find a surcharge-free ATM to meet their everyday banking needs.<\/p>\n<\/div><\/section><br \/>\n<div  class='avia-button-wrap av-liav7l59-45771b31ecdaea634905f5840dbdb3db-wrap avia-button-left  avia-builder-el-6  el_after_av_textblock  avia-builder-el-last'><a href='https:\/\/www.ficanex.ca\/fr\/our-network\/'  class='avia-button av-liav7l59-45771b31ecdaea634905f5840dbdb3db av-link-btn avia-icon_select-no avia-size-small avia-position-left avia-color-theme-color'   aria-label=\"D\u00c9COUVREZ LES AVANTAGES\"><span class='avia_iconbox_title' >D\u00c9COUVREZ LES AVANTAGES<\/span><\/a><\/div><\/p><\/div><\/div><!--close column table wrapper. Autoclose: 1 --><div  class='flex_column av-tjcz-f911a1d8e4c0deadb72d798afa8e6afd av_one_full  avia-builder-el-7  el_after_av_one_full  avia-builder-el-last  first flex_column_div  column-top-margin'     ><style type=\"text\/css\" data-created_by=\"avia_inline_auto\" id=\"style-css-av-liav8qcq-cb99c8446fe9907254086ab0008beb77\">\n.avia-image-container.av-liav8qcq-cb99c8446fe9907254086ab0008beb77 img.avia_image{\nbox-shadow:none;\n}\n.avia-image-container.av-liav8qcq-cb99c8446fe9907254086ab0008beb77 .av-image-caption-overlay-center{\ncolor:#ffffff;\n}\n<\/style>\n<div  class='avia-image-container av-liav8qcq-cb99c8446fe9907254086ab0008beb77 av-styling- avia-align-center  avia-builder-el-8  avia-builder-el-no-sibling'   itemprop=\"image\" itemscope=\"itemscope\" itemtype=\"https:\/\/schema.org\/ImageObject\" ><div class=\"avia-image-container-inner\"><div class=\"avia-image-overlay-wrap\"><img decoding=\"async\" fetchpriority=\"high\" class='wp-image-61 avia-img-lazy-loading-not-61 avia_image' src=\"https:\/\/www.ficanex.ca\/wp-content\/uploads\/2023\/05\/canada_network.png\" alt='Exchange chat bubbles' title='canada_network'  height=\"500\" width=\"494\"  itemprop=\"thumbnailUrl\" srcset=\"https:\/\/www.ficanex.ca\/wp-content\/uploads\/2023\/05\/canada_network.png 494w, https:\/\/www.ficanex.ca\/wp-content\/uploads\/2023\/05\/canada_network-296x300.png 296w, https:\/\/www.ficanex.ca\/wp-content\/uploads\/2023\/05\/canada_network-80x80.png 80w\" sizes=\"(max-width: 494px) 100vw, 494px\" \/><\/div><\/div><\/div><\/div><\/div><\/div><\/div><!-- close content main div --><\/div><\/div><div id='av_section_3'  class='avia-section av-52kn-75bf473e5290bf6c629ecdb1409550a1 main_color avia-section-default avia-no-border-styling  avia-builder-el-9  el_after_av_section  el_before_av_section  col-3-section avia-bg-style-scroll container_wrap fullsize'  ><div class='container av-section-cont-open' ><div class='template-page content  av-content-full alpha units'><div class='post-entry post-entry-type-page post-entry-15'><div class='entry-content-wrapper clearfix'>\n<div  class='flex_column av-1ob2r-813e104eecf3dafaa6946f854cd7762f av_one_full  avia-builder-el-10  el_before_av_one_full  avia-builder-el-first  first flex_column_div'     ><p>\n<style type=\"text\/css\" data-created_by=\"avia_inline_auto\" id=\"style-css-av-lidcy3nc-2d505b36c10c155f0130a74711f333c1\">\n.avia-image-container.av-lidcy3nc-2d505b36c10c155f0130a74711f333c1 img.avia_image{\nbox-shadow:none;\n}\n.avia-image-container.av-lidcy3nc-2d505b36c10c155f0130a74711f333c1 .av-image-caption-overlay-center{\ncolor:#ffffff;\n}\n<\/style>\n<div  class='avia-image-container av-lidcy3nc-2d505b36c10c155f0130a74711f333c1 av-styling- avia-align-center  avia-builder-el-11  el_before_av_textblock  avia-builder-el-first'   itemprop=\"image\" itemscope=\"itemscope\" itemtype=\"https:\/\/schema.org\/ImageObject\" ><div class=\"avia-image-container-inner\"><div class=\"avia-image-overlay-wrap\"><img decoding=\"async\" fetchpriority=\"high\" class='wp-image-120 avia-img-lazy-loading-not-120 avia_image' src=\"https:\/\/www.ficanex.ca\/wp-content\/uploads\/2023\/06\/Allpoint_Callout_Image.jpg\" alt='down south to USA' title='Allpoint_Callout_Image'  height=\"215\" width=\"345\"  itemprop=\"thumbnailUrl\" srcset=\"https:\/\/www.ficanex.ca\/wp-content\/uploads\/2023\/06\/Allpoint_Callout_Image.jpg 345w, https:\/\/www.ficanex.ca\/wp-content\/uploads\/2023\/06\/Allpoint_Callout_Image-300x187.jpg 300w\" sizes=\"(max-width: 345px) 100vw, 345px\" \/><\/div><\/div><\/div><br \/>\n<section  class='av_textblock_section av-lidcycld-583892657f15a3d234af893321b004cd'   itemscope=\"itemscope\" itemtype=\"https:\/\/schema.org\/CreativeWork\" ><div class='avia_textblock'  itemprop=\"text\" ><h2 class=\"services__header\">ATM Access in the USA<\/h2>\n<p class=\"services__text\">En tant que membre canadien du r\u00e9seau EXCHANGE, vos titulaires de carte auront acc\u00e8s sans suppl\u00e9ment \u00e0 plus de 40 000 guichets automatiques aux \u00c9tats-Unis par l\u2019interm\u00e9diaire du r\u00e9seau Allpoint. Ces guichets automatiques, situ\u00e9s dans les principaux points de vente au d\u00e9tail, permettent \u00e0 vos titulaires de carte de retirer de l\u2019argent gratuitement.<\/p>\n<\/div><\/section><br \/>\n<div  class='avia-button-wrap av-lidcyk3h-4a14f5af5bb251b638fe9359739d1620-wrap avia-button-left  avia-builder-el-13  el_after_av_textblock  avia-builder-el-last'><a href='https:\/\/www.ficanex.ca\/fr\/collaborative-partnerships\/'  class='avia-button av-lidcyk3h-4a14f5af5bb251b638fe9359739d1620 av-link-btn avia-icon_select-no avia-size-small avia-position-left avia-color-theme-color'   aria-label=\"VOIR COMMENT \u00c7A MARCHE\"><span class='avia_iconbox_title' >VOIR COMMENT \u00c7A MARCHE<\/span><\/a><\/div><\/p><\/div><div  class='flex_column av-ylov-89dcee075ba861488fea1b47c7748ecd av_one_full  avia-builder-el-14  el_after_av_one_full  avia-builder-el-last  first flex_column_div  column-top-margin'     ><p>\n<style type=\"text\/css\" data-created_by=\"avia_inline_auto\" id=\"style-css-av-lidd0s86-d821020da6578d8601f7603acfe30adf\">\n.avia-image-container.av-lidd0s86-d821020da6578d8601f7603acfe30adf img.avia_image{\nbox-shadow:none;\n}\n.avia-image-container.av-lidd0s86-d821020da6578d8601f7603acfe30adf .av-image-caption-overlay-center{\ncolor:#ffffff;\n}\n<\/style>\n<div  class='avia-image-container av-lidd0s86-d821020da6578d8601f7603acfe30adf av-styling- avia-align-center  avia-builder-el-15  el_before_av_textblock  avia-builder-el-first'   itemprop=\"image\" itemscope=\"itemscope\" itemtype=\"https:\/\/schema.org\/ImageObject\" ><div class=\"avia-image-container-inner\"><div class=\"avia-image-overlay-wrap\"><img decoding=\"async\" fetchpriority=\"high\" class='wp-image-121 avia-img-lazy-loading-not-121 avia_image' src=\"https:\/\/www.ficanex.ca\/wp-content\/uploads\/2023\/06\/ATM-Branding-Website-1-1-sized.jpg\" alt='ATM branding' title='ATM-Branding-Website-1-(1)-sized'  height=\"194\" width=\"312\"  itemprop=\"thumbnailUrl\" srcset=\"https:\/\/www.ficanex.ca\/wp-content\/uploads\/2023\/06\/ATM-Branding-Website-1-1-sized.jpg 312w, https:\/\/www.ficanex.ca\/wp-content\/uploads\/2023\/06\/ATM-Branding-Website-1-1-sized-300x187.jpg 300w\" sizes=\"(max-width: 312px) 100vw, 312px\" \/><\/div><\/div><\/div><br \/>\n<section  class='av_textblock_section av-lidcznns-2353cb8ea32318ae24a3ab411de06190'   itemscope=\"itemscope\" itemtype=\"https:\/\/schema.org\/CreativeWork\" ><div class='avia_textblock'  itemprop=\"text\" ><h2 class=\"services__header\">Cr\u00e9ez des liens avec le march\u00e9 chinois au Canada.<\/h2>\n<p class=\"services__text\">Aidez vos entreprises clientes \u00e0 accro\u00eetre leur part du march\u00e9 des consommateurs chinois, un march\u00e9 qui ne cesse de grandir. Offrez les services d\u2019acquisition de marchands AlipayMD et WeChat PayMD en \u00e9tant partenaires de FICANEX et de Motion PayMD.<\/p>\n<\/div><\/section><br \/>\n<div  class='avia-button-wrap av-lidczykm-887dfd449b9974b696dbec8d4b3ff41e-wrap avia-button-left  avia-builder-el-17  el_after_av_textblock  avia-builder-el-last'><a href='https:\/\/www.ficanex.ca\/fr\/contact-us\/'  class='avia-button av-lidczykm-887dfd449b9974b696dbec8d4b3ff41e av-link-btn avia-icon_select-no avia-size-small avia-position-left avia-color-theme-color'   aria-label=\"COMMUNIQUEZ AVEC NOUS\"><span class='avia_iconbox_title' >COMMUNIQUEZ AVEC NOUS<\/span><\/a><\/div><\/p><\/div><\/div><\/div><\/div><!-- close content main div --><\/div><\/div>\n<style type=\"text\/css\" data-created_by=\"avia_inline_auto\" id=\"style-css-av-2sqsb-2bcb8147619cc8cc7ba0932ae1440be2\">\n.avia-section.av-2sqsb-2bcb8147619cc8cc7ba0932ae1440be2{\nbackground-color:#999999;\nbackground-image:unset;\n}\n<\/style>\n<div id='av_section_4'  class='avia-section av-2sqsb-2bcb8147619cc8cc7ba0932ae1440be2 main_color avia-section-default avia-no-border-styling  avia-builder-el-18  el_after_av_section  avia-builder-el-last  connect-with-us avia-bg-style-scroll container_wrap fullsize'  ><div class='container av-section-cont-open' ><div class='template-page content  av-content-full alpha units'><div class='post-entry post-entry-type-page post-entry-15'><div class='entry-content-wrapper clearfix'>\n\n<style type=\"text\/css\" data-created_by=\"avia_inline_auto\" id=\"style-css-av-29383-a36fc1c65850c6e4a053ef1702a41ce7\">\n#top .flex_column.av-29383-a36fc1c65850c6e4a053ef1702a41ce7{\nmargin-top:0px;\nmargin-bottom:0px;\n}\n.flex_column.av-29383-a36fc1c65850c6e4a053ef1702a41ce7{\npadding:0 0 0 0;\n}\n.responsive #top #wrap_all .flex_column.av-29383-a36fc1c65850c6e4a053ef1702a41ce7{\nmargin-top:0px;\nmargin-bottom:0px;\n}\n<\/style>\n<div  class='flex_column av-29383-a36fc1c65850c6e4a053ef1702a41ce7 av_one_full  avia-builder-el-19  avia-builder-el-no-sibling  first flex_column_div'     ><section  class='av_textblock_section av-1b9v3-43839ea4c46b3f81f1ad54b15cbd0853'   itemscope=\"itemscope\" itemtype=\"https:\/\/schema.org\/CreativeWork\" ><div class='avia_textblock'  itemprop=\"text\" ><h2>Connect with us on LinkedIn<\/h2>\n<\/div><\/section><br \/>\n<section  class='av_textblock_section av-o9jn-728f2a4c8eef62c43f1678d1e7d15ef3'   itemscope=\"itemscope\" itemtype=\"https:\/\/schema.org\/CreativeWork\" ><div class='avia_textblock'  itemprop=\"text\" ><p><a href=\"https:\/\/ca.linkedin.com\/company\/ficanex\" target=\"_blank\" rel=\"noopener\"><img loading=\"lazy\" decoding=\"async\" class=\"alignnone size-full wp-image-90\" src=\"https:\/\/www.ficanex.ca\/wp-content\/uploads\/2023\/05\/footer_linkdin_icon.png\" alt=\"\" width=\"40\" height=\"40\" \/><\/a><\/p>\n<\/div><\/section><\/p><\/div><\/p>","protected":false},"excerpt":{"rendered":"","protected":false},"author":1,"featured_media":0,"parent":0,"menu_order":0,"comment_status":"closed","ping_status":"closed","template":"","meta":{"footnotes":""},"class_list":["post-15","page","type-page","status-publish","hentry"],"yoast_head":"<!-- This site is optimized with the Yoast SEO plugin v27.2 - https:\/\/yoast.com\/product\/yoast-seo-wordpress\/ -->\n<title>Canada\u2019s Largest Surcharge-Free ATM Network - Ficanex<\/title>\n<meta name=\"description\" content=\"Working with over 160 Canadian financial institutions, FICANEX enables accelerated innovation through partnerships and its legacy network.\" \/>\n<meta name=\"robots\" content=\"index, follow, max-snippet:-1, max-image-preview:large, max-video-preview:-1\" \/>\n<link rel=\"canonical\" href=\"https:\/\/www.ficanex.ca\/fr\/home\/\" \/>\n<script type=\"application\/ld+json\" class=\"yoast-schema-graph\">{\"@context\":\"https:\/\/schema.org\",\"@graph\":[{\"@type\":\"WebPage\",\"@id\":\"https:\/\/www.ficanex.ca\/home\/\",\"url\":\"https:\/\/www.ficanex.ca\/home\/\",\"name\":\"Canada\u2019s Largest Surcharge-Free ATM Network - Ficanex\",\"isPartOf\":{\"@id\":\"https:\/\/www.ficanex.ca\/#website\"},\"primaryImageOfPage\":{\"@id\":\"https:\/\/www.ficanex.ca\/home\/#primaryimage\"},\"image\":{\"@id\":\"https:\/\/www.ficanex.ca\/home\/#primaryimage\"},\"thumbnailUrl\":\"https:\/\/www.ficanex.ca\/wp-content\/uploads\/2023\/05\/footer_linkdin_icon.png\",\"datePublished\":\"2023-05-29T22:17:47+00:00\",\"dateModified\":\"2025-03-13T20:53:07+00:00\",\"description\":\"Working with over 160 Canadian financial institutions, FICANEX enables accelerated innovation through partnerships and its legacy network.\",\"breadcrumb\":{\"@id\":\"https:\/\/www.ficanex.ca\/home\/#breadcrumb\"},\"inLanguage\":\"fr-CA\",\"potentialAction\":[{\"@type\":\"ReadAction\",\"target\":[\"https:\/\/www.ficanex.ca\/home\/\"]}]},{\"@type\":\"ImageObject\",\"inLanguage\":\"fr-CA\",\"@id\":\"https:\/\/www.ficanex.ca\/home\/#primaryimage\",\"url\":\"https:\/\/www.ficanex.ca\/wp-content\/uploads\/2023\/05\/footer_linkdin_icon.png\",\"contentUrl\":\"https:\/\/www.ficanex.ca\/wp-content\/uploads\/2023\/05\/footer_linkdin_icon.png\"},{\"@type\":\"BreadcrumbList\",\"@id\":\"https:\/\/www.ficanex.ca\/home\/#breadcrumb\",\"itemListElement\":[{\"@type\":\"ListItem\",\"position\":1,\"name\":\"Home\",\"item\":\"https:\/\/www.ficanex.ca\/home\/\"},{\"@type\":\"ListItem\",\"position\":2,\"name\":\"Home\"}]},{\"@type\":\"WebSite\",\"@id\":\"https:\/\/www.ficanex.ca\/#website\",\"url\":\"https:\/\/www.ficanex.ca\/\",\"name\":\"Ficanex\",\"description\":\"Surcharge-Free ATM Transactions Across Canada\",\"potentialAction\":[{\"@type\":\"SearchAction\",\"target\":{\"@type\":\"EntryPoint\",\"urlTemplate\":\"https:\/\/www.ficanex.ca\/?s={search_term_string}\"},\"query-input\":{\"@type\":\"PropertyValueSpecification\",\"valueRequired\":true,\"valueName\":\"search_term_string\"}}],\"inLanguage\":\"fr-CA\"}]}<\/script>\n<!-- \/ Yoast SEO plugin. -->","yoast_head_json":{"title":"Canada\u2019s Largest Surcharge-Free ATM Network - Ficanex","description":"Working with over 160 Canadian financial institutions, FICANEX enables accelerated innovation through partnerships and its legacy network.","robots":{"index":"index","follow":"follow","max-snippet":"max-snippet:-1","max-image-preview":"max-image-preview:large","max-video-preview":"max-video-preview:-1"},"canonical":"https:\/\/www.ficanex.ca\/fr\/home\/","schema":{"@context":"https:\/\/schema.org","@graph":[{"@type":"WebPage","@id":"https:\/\/www.ficanex.ca\/home\/","url":"https:\/\/www.ficanex.ca\/home\/","name":"Canada\u2019s Largest Surcharge-Free ATM Network - Ficanex","isPartOf":{"@id":"https:\/\/www.ficanex.ca\/#website"},"primaryImageOfPage":{"@id":"https:\/\/www.ficanex.ca\/home\/#primaryimage"},"image":{"@id":"https:\/\/www.ficanex.ca\/home\/#primaryimage"},"thumbnailUrl":"https:\/\/www.ficanex.ca\/wp-content\/uploads\/2023\/05\/footer_linkdin_icon.png","datePublished":"2023-05-29T22:17:47+00:00","dateModified":"2025-03-13T20:53:07+00:00","description":"Working with over 160 Canadian financial institutions, FICANEX enables accelerated innovation through partnerships and its legacy network.","breadcrumb":{"@id":"https:\/\/www.ficanex.ca\/home\/#breadcrumb"},"inLanguage":"fr-CA","potentialAction":[{"@type":"ReadAction","target":["https:\/\/www.ficanex.ca\/home\/"]}]},{"@type":"ImageObject","inLanguage":"fr-CA","@id":"https:\/\/www.ficanex.ca\/home\/#primaryimage","url":"https:\/\/www.ficanex.ca\/wp-content\/uploads\/2023\/05\/footer_linkdin_icon.png","contentUrl":"https:\/\/www.ficanex.ca\/wp-content\/uploads\/2023\/05\/footer_linkdin_icon.png"},{"@type":"BreadcrumbList","@id":"https:\/\/www.ficanex.ca\/home\/#breadcrumb","itemListElement":[{"@type":"ListItem","position":1,"name":"Home","item":"https:\/\/www.ficanex.ca\/home\/"},{"@type":"ListItem","position":2,"name":"Home"}]},{"@type":"WebSite","@id":"https:\/\/www.ficanex.ca\/#website","url":"https:\/\/www.ficanex.ca\/","name":"Ficanex","description":"Surcharge-Free ATM Transactions Across Canada","potentialAction":[{"@type":"SearchAction","target":{"@type":"EntryPoint","urlTemplate":"https:\/\/www.ficanex.ca\/?s={search_term_string}"},"query-input":{"@type":"PropertyValueSpecification","valueRequired":true,"valueName":"search_term_string"}}],"inLanguage":"fr-CA"}]}},"_links":{"self":[{"href":"https:\/\/www.ficanex.ca\/fr\/wp-json\/wp\/v2\/pages\/15","targetHints":{"allow":["GET"]}}],"collection":[{"href":"https:\/\/www.ficanex.ca\/fr\/wp-json\/wp\/v2\/pages"}],"about":[{"href":"https:\/\/www.ficanex.ca\/fr\/wp-json\/wp\/v2\/types\/page"}],"author":[{"embeddable":true,"href":"https:\/\/www.ficanex.ca\/fr\/wp-json\/wp\/v2\/users\/1"}],"replies":[{"embeddable":true,"href":"https:\/\/www.ficanex.ca\/fr\/wp-json\/wp\/v2\/comments?post=15"}],"version-history":[{"count":46,"href":"https:\/\/www.ficanex.ca\/fr\/wp-json\/wp\/v2\/pages\/15\/revisions"}],"predecessor-version":[{"id":531,"href":"https:\/\/www.ficanex.ca\/fr\/wp-json\/wp\/v2\/pages\/15\/revisions\/531"}],"wp:attachment":[{"href":"https:\/\/www.ficanex.ca\/fr\/wp-json\/wp\/v2\/media?parent=15"}],"curies":[{"name":"wp","href":"https:\/\/api.w.org\/{rel}","templated":true}]}}