{"id":19,"date":"2023-05-29T16:15:26","date_gmt":"2023-05-29T23:15:26","guid":{"rendered":"https:\/\/www.ficanex.ca\/?page_id=19"},"modified":"2025-04-21T08:16:39","modified_gmt":"2025-04-21T15:16:39","slug":"our-network","status":"publish","type":"page","link":"https:\/\/www.ficanex.ca\/fr\/our-network\/","title":{"rendered":"Notre r\u00e9seau"},"content":{"rendered":"<style type=\"text\/css\" data-created_by=\"avia_inline_auto\" id=\"style-css-av-lie4s68g-37eb713181a60c841a7549ba14257769\">\n.avia-section.av-lie4s68g-37eb713181a60c841a7549ba14257769{\nbackground-repeat:no-repeat;\nbackground-image:url(https:\/\/www.ficanex.ca\/wp-content\/uploads\/2023\/06\/Across_all_banner.jpg);\nbackground-position:0% 0%;\nbackground-attachment:scroll;\n}\n<\/style>\n<div id='av_section_1'  class='avia-section av-lie4s68g-37eb713181a60c841a7549ba14257769 main_color avia-section-default avia-no-border-styling  avia-builder-el-0  el_before_av_section  avia-builder-el-first  inner-banner avia-full-stretch avia-bg-style-scroll container_wrap fullsize'  data-section-bg-repeat='stretch'><div class='container av-section-cont-open' ><main  role=\"main\" itemprop=\"mainContentOfPage\"  class='template-page content  av-content-full alpha units'><div class='post-entry post-entry-type-page post-entry-19'><div class='entry-content-wrapper clearfix'>\n<div  class='flex_column av-rsmr-800171099d6271210d6b810532bb0718 av_one_full  avia-builder-el-1  avia-builder-el-no-sibling  first flex_column_div'     ><section  class='av_textblock_section av-lie4sgqt-b5673557625cf62c727b1509321b9944'   itemscope=\"itemscope\" itemtype=\"https:\/\/schema.org\/CreativeWork\" ><div class='avia_textblock'  itemprop=\"text\" ><h1>\u00c9quipe de Ficanex<\/h1>\n<\/div><\/section><\/div>\n\n<\/div><\/div><\/main><!-- close content main element --><\/div><\/div><div id='av_section_2'  class='avia-section av-243fz-6d536cd359232481e48dec12a53a26fa main_color avia-section-default avia-no-border-styling  avia-builder-el-3  el_after_av_section  el_before_av_section  col-2-section mobile-column-reverse col-2-center-img avia-bg-style-scroll container_wrap fullsize'  ><div class='container av-section-cont-open' ><div class='template-page content  av-content-full alpha units'><div class='post-entry post-entry-type-page post-entry-19'><div class='entry-content-wrapper clearfix'>\n<div  class='flex_column av-1iz0z-470371e5d0c79aa93cdca46ddc7588c0 av_one_full  avia-builder-el-4  el_before_av_one_full  avia-builder-el-first  first flex_column_div'     ><style type=\"text\/css\" data-created_by=\"avia_inline_auto\" id=\"style-css-av-lie4pcyu-ea70dd7551b9fec39aee1da2c5ce4125\">\n.avia-image-container.av-lie4pcyu-ea70dd7551b9fec39aee1da2c5ce4125 img.avia_image{\nbox-shadow:none;\n}\n.avia-image-container.av-lie4pcyu-ea70dd7551b9fec39aee1da2c5ce4125 .av-image-caption-overlay-center{\ncolor:#ffffff;\n}\n<\/style>\n<div  class='avia-image-container av-lie4pcyu-ea70dd7551b9fec39aee1da2c5ce4125 av-styling- avia-align-center  avia-builder-el-5  avia-builder-el-no-sibling'   itemprop=\"image\" itemscope=\"itemscope\" itemtype=\"https:\/\/schema.org\/ImageObject\" ><div class=\"avia-image-container-inner\"><div class=\"avia-image-overlay-wrap\"><img decoding=\"async\" fetchpriority=\"high\" class='wp-image-126 avia-img-lazy-loading-not-126 avia_image' src=\"https:\/\/www.ficanex.ca\/wp-content\/uploads\/2023\/06\/card_image.png\" alt='exchange cards' title='card_image'  height=\"353\" width=\"487\"  itemprop=\"thumbnailUrl\" srcset=\"https:\/\/www.ficanex.ca\/wp-content\/uploads\/2023\/06\/card_image.png 487w, https:\/\/www.ficanex.ca\/wp-content\/uploads\/2023\/06\/card_image-300x217.png 300w\" sizes=\"(max-width: 487px) 100vw, 487px\" \/><\/div><\/div><\/div><\/div><div class='flex_column_table av-tt8n-e421ac3576a95d0225ac849c6b5853ff sc-av_one_full av-equal-height-column-flextable'><div  class='flex_column av-tt8n-e421ac3576a95d0225ac849c6b5853ff av_one_full  avia-builder-el-6  el_after_av_one_full  avia-builder-el-last  first flex_column_table_cell av-equal-height-column av-align-middle  column-top-margin'     ><section  class='av_textblock_section av-lie4q1aq-551c89c6954742ef1255a4c8e3996403'   itemscope=\"itemscope\" itemtype=\"https:\/\/schema.org\/CreativeWork\" ><div class='avia_textblock'  itemprop=\"text\" ><h2>A surcharge-free ATM is always nearby<\/h2>\n<hr \/>\n<p>THE EXCHANGE Network is a group of over 140 credit unions and banks that have come together to let their cardholders use each other\u2019s ATMs as if they were their own. Our participating financial institutions offer their customers access to thousands of surcharge-free ATMs across Canada, allowing them to compete on both size and convenience.<\/p>\n<\/div><\/section><\/div><\/div><!--close column table wrapper. Autoclose: 1 --><\/div><\/div><\/div><!-- close content main div --><\/div><\/div><div id='av_section_3'  class='avia-section av-lie5gxhe-0dd50d3ce14032e282a5d14a8e5e5672 main_color avia-section-default avia-no-border-styling  avia-builder-el-8  el_after_av_section  el_before_av_section  col-1-section blue-col avia-bg-style-scroll container_wrap fullsize'  ><div class='container av-section-cont-open' ><div class='template-page content  av-content-full alpha units'><div class='post-entry post-entry-type-page post-entry-19'><div class='entry-content-wrapper clearfix'>\n\n<style type=\"text\/css\" data-created_by=\"avia_inline_auto\" id=\"style-css-av-lie5fi3a-75da7d90d67a19f14ff793fe507c38f1\">\n.flex_column.av-lie5fi3a-75da7d90d67a19f14ff793fe507c38f1{\nbackground:url(https:\/\/www.ficanex.ca\/wp-content\/uploads\/2023\/06\/Across_Canada.png) 0% 0% no-repeat scroll ;\n}\n<\/style>\n<div  class='flex_column av-lie5fi3a-75da7d90d67a19f14ff793fe507c38f1 av_one_full  avia-builder-el-9  avia-builder-el-no-sibling  first flex_column_div avia-full-stretch'     ><section  class='av_textblock_section av-vhcj-d6070a687fa4398d9bdcd2d928e86a9c'   itemscope=\"itemscope\" itemtype=\"https:\/\/schema.org\/CreativeWork\" ><div class='avia_textblock'  itemprop=\"text\" ><h2>Surcharge-Free ATM Transactions Across Canada<\/h2>\n<hr \/>\n<p>Les GAB du r\u00e9seau THE EXCHANGE offrent \u00e0 vos titulaires de carte l\u2019occasion de faire, sans frais suppl\u00e9mentaires, des retraits d\u2019argent, des modifications au NIP, des transferts et des consultations du solde, et, dans la plupart d\u2019entre eux, des d\u00e9p\u00f4ts.<\/p>\n<\/div><\/section><\/div>\n<\/p>\n<\/div><\/div><\/div><!-- close content main div --><\/div><\/div><div id='av_section_4'  class='avia-section av-lie611st-31287f218f5db3576f11341680ff4696 main_color avia-section-default avia-no-border-styling  avia-builder-el-11  el_after_av_section  el_before_av_section  col-1-section grey-col avia-bg-style-scroll container_wrap fullsize'  ><div class='container av-section-cont-open' ><div class='template-page content  av-content-full alpha units'><div class='post-entry post-entry-type-page post-entry-19'><div class='entry-content-wrapper clearfix'>\n\n<style type=\"text\/css\" data-created_by=\"avia_inline_auto\" id=\"style-css-av-lie61jmw-a13140b334f10d65982a4f0551739863\">\n.flex_column.av-lie61jmw-a13140b334f10d65982a4f0551739863{\nbackground:url(https:\/\/www.ficanex.ca\/wp-content\/uploads\/2023\/06\/Exchange_Finiancial_Row.jpg) 0% 0% no-repeat scroll ;\n}\n<\/style>\n<div  class='flex_column av-lie61jmw-a13140b334f10d65982a4f0551739863 av_one_full  avia-builder-el-12  avia-builder-el-no-sibling  first flex_column_div avia-full-stretch'     ><section  class='av_textblock_section av-lie62029-17cc6c27a19abaa9e5c6a5403852b3ea'   itemscope=\"itemscope\" itemtype=\"https:\/\/schema.org\/CreativeWork\" ><div class='avia_textblock'  itemprop=\"text\" ><h2>Financial Institution Branded Apps<\/h2>\n<hr \/>\n<p>Nous sommes fiers d\u2019offrir des applis de localisation de nos GAB pour les appareils Apple MD<sup>\u00ae<\/sup>\u00a0et Android MD.<sup>\u00ae<\/sup>\u00a0Les institutions financi\u00e8res membres peuvent personnaliser l\u2019application en fonction de leur marque d\u2019entreprise. Ainsi, leurs clients peuvent avoir leur marque dans leurs appareils.<\/p>\n<\/div><\/section><\/div>\n\n<\/div><\/div><\/div><!-- close content main div --><\/div><\/div><div id='av_section_5'  class='avia-section av-lie632sk-06b8ace779c49a1c17d5983acffcfa80 main_color avia-section-default avia-no-border-styling  avia-builder-el-14  el_after_av_section  el_before_av_section  col-1-section blue-col avia-bg-style-scroll container_wrap fullsize'  ><div class='container av-section-cont-open' ><div class='template-page content  av-content-full alpha units'><div class='post-entry post-entry-type-page post-entry-19'><div class='entry-content-wrapper clearfix'>\n\n<style type=\"text\/css\" data-created_by=\"avia_inline_auto\" id=\"style-css-av-lie64jew-a544e97af3fa48bd2109be75c04ed61a\">\n.flex_column.av-lie64jew-a544e97af3fa48bd2109be75c04ed61a{\nbackground:url(https:\/\/www.ficanex.ca\/wp-content\/uploads\/2023\/06\/Exchange_Marketing_Row.jpg) 0% 0% no-repeat scroll ;\n}\n<\/style>\n<div  class='flex_column av-lie64jew-a544e97af3fa48bd2109be75c04ed61a av_one_full  avia-builder-el-15  avia-builder-el-no-sibling  first flex_column_div avia-full-stretch'     ><section  class='av_textblock_section av-lie64y80-4d8d60a818d8672dde75442f80087f12'   itemscope=\"itemscope\" itemtype=\"https:\/\/schema.org\/CreativeWork\" ><div class='avia_textblock'  itemprop=\"text\" ><h2>Marketing Support<\/h2>\n<hr \/>\n<p>Nous fournissons aux institutions financi\u00e8res participantes du mat\u00e9riel marketing permettant aux employ\u00e9s et aux titulaires de cartes de s\u2019informer sur les avantages du r\u00e9seau. Nous vous fournissons les fichiers sources pour que votre \u00e9quipe de marketing puisse les personnaliser \u00e0 l\u2019image et \u00e0 la posture de votre marque.<\/p>\n<\/div><\/section><\/div>\n\n<\/div><\/div><\/div><!-- close content main div --><\/div><\/div><div id='av_section_6'  class='avia-section av-1vl9r-5e07bbce2029af70e94efd2bf9aae382 main_color avia-section-default avia-no-border-styling  avia-builder-el-17  el_after_av_section  el_before_av_section  col-2-section mobile-column-reverse col-2-center-img container-background avia-bg-style-scroll container_wrap fullsize'  ><div class='container av-section-cont-open' ><div class='template-page content  av-content-full alpha units'><div class='post-entry post-entry-type-page post-entry-19'><div class='entry-content-wrapper clearfix'>\n<div  class='flex_column av-ldz-ed7f35ebffc359abae1b4b27b57d4fd5 av_one_full  avia-builder-el-18  el_before_av_one_full  avia-builder-el-first  first flex_column_div'     ><style type=\"text\/css\" data-created_by=\"avia_inline_auto\" id=\"style-css-av-lie6kukx-c1b3033ae2a1a95d266160aed9fcc7bb\">\n.avia-image-container.av-lie6kukx-c1b3033ae2a1a95d266160aed9fcc7bb img.avia_image{\nbox-shadow:none;\n}\n.avia-image-container.av-lie6kukx-c1b3033ae2a1a95d266160aed9fcc7bb .av-image-caption-overlay-center{\ncolor:#ffffff;\n}\n<\/style>\n<div  class='avia-image-container av-lie6kukx-c1b3033ae2a1a95d266160aed9fcc7bb av-styling- avia-align-center  avia-builder-el-19  avia-builder-el-no-sibling'   itemprop=\"image\" itemscope=\"itemscope\" itemtype=\"https:\/\/schema.org\/ImageObject\" ><div class=\"avia-image-container-inner\"><div class=\"avia-image-overlay-wrap\"><img decoding=\"async\" fetchpriority=\"high\" class='wp-image-139 avia-img-lazy-loading-not-139 avia_image' src=\"https:\/\/www.ficanex.ca\/wp-content\/uploads\/2023\/06\/card_image_2.png\" alt='credit card and debit card' title='card_image_2'  height=\"519\" width=\"406\"  itemprop=\"thumbnailUrl\" srcset=\"https:\/\/www.ficanex.ca\/wp-content\/uploads\/2023\/06\/card_image_2.png 406w, https:\/\/www.ficanex.ca\/wp-content\/uploads\/2023\/06\/card_image_2-235x300.png 235w\" sizes=\"(max-width: 406px) 100vw, 406px\" \/><\/div><\/div><\/div><\/div><div class='flex_column_table av-vqgb-6a5e5506f9d16a6e2cd98728a7869b49 sc-av_one_full av-equal-height-column-flextable'><div  class='flex_column av-vqgb-6a5e5506f9d16a6e2cd98728a7869b49 av_one_full  avia-builder-el-20  el_after_av_one_full  avia-builder-el-last  first flex_column_table_cell av-equal-height-column av-align-middle  column-top-margin'     ><section  class='av_textblock_section av-lie6ledv-24b69bfe8bf24c62df10b8bde3289f6d'   itemscope=\"itemscope\" itemtype=\"https:\/\/schema.org\/CreativeWork\" ><div class='avia_textblock'  itemprop=\"text\" ><h2>Credit Card Services<\/h2>\n<hr \/>\n<p>Vous voulez offrir aux titulaires de carte le m\u00eame service et la m\u00eame commodit\u00e9 comme c\u2019est le cas pour les titulaires de carte de d\u00e9bit? Les membres du r\u00e9seau THE EXCHANGE peuvent maintenant ajouter leurs produits MastercardMD et VisaMD, et offrir le m\u00eame niveau sup\u00e9rieur de commodit\u00e9 et de service pour tout leur portefeuille de cartes.<sup>\u00ae<\/sup>\u00a0and Visa<sup>\u00ae<\/sup>\u00a0products, providing the same superior convenience and service across their entire card portfolio.<\/p>\n<\/div><\/section><\/div><\/div><!--close column table wrapper. Autoclose: 1 -->\n\n<\/div><\/div><\/div><!-- close content main div --><\/div><\/div><div id='av_section_7'  class='avia-section av-lie6xt48-492584c7e8d6bba9b8c2b6251555c95c main_color avia-section-default avia-no-border-styling  avia-builder-el-22  el_after_av_section  el_before_av_section  col-2-section mobile-column-reverse col-2-center-img api-direct-integration avia-bg-style-scroll container_wrap fullsize'  ><div class='container av-section-cont-open' ><div class='template-page content  av-content-full alpha units'><div class='post-entry post-entry-type-page post-entry-19'><div class='entry-content-wrapper clearfix'>\n<div  class='flex_column av-5ie7-3bbcf486537aabf9302b2ce13cfa6aa1 av_one_full  avia-builder-el-23  el_before_av_one_full  avia-builder-el-first  first flex_column_div'     ><style type=\"text\/css\" data-created_by=\"avia_inline_auto\" id=\"style-css-av-lie6vgqc-b199be66a24add92b2eb0ff63f82fa16\">\n.avia-image-container.av-lie6vgqc-b199be66a24add92b2eb0ff63f82fa16 img.avia_image{\nbox-shadow:none;\n}\n.avia-image-container.av-lie6vgqc-b199be66a24add92b2eb0ff63f82fa16 .av-image-caption-overlay-center{\ncolor:#ffffff;\n}\n<\/style>\n<div  class='avia-image-container av-lie6vgqc-b199be66a24add92b2eb0ff63f82fa16 av-styling- avia-align-center  avia-builder-el-24  avia-builder-el-no-sibling'   itemprop=\"image\" itemscope=\"itemscope\" itemtype=\"https:\/\/schema.org\/ImageObject\" ><div class=\"avia-image-container-inner\"><div class=\"avia-image-overlay-wrap\"><img decoding=\"async\" fetchpriority=\"high\" class='wp-image-144 avia-img-lazy-loading-not-144 avia_image' src=\"https:\/\/www.ficanex.ca\/wp-content\/uploads\/2023\/06\/map_icon.png\" alt='map icon' title='map_icon'  height=\"333\" width=\"282\"  itemprop=\"thumbnailUrl\" srcset=\"https:\/\/www.ficanex.ca\/wp-content\/uploads\/2023\/06\/map_icon.png 282w, https:\/\/www.ficanex.ca\/wp-content\/uploads\/2023\/06\/map_icon-254x300.png 254w\" sizes=\"(max-width: 282px) 100vw, 282px\" \/><\/div><\/div><\/div><\/div><div class='flex_column_table av-s51z-c98f6b3aa523f9ff4103ecaadbf0e359 sc-av_one_full av-equal-height-column-flextable'><div  class='flex_column av-s51z-c98f6b3aa523f9ff4103ecaadbf0e359 av_one_full  avia-builder-el-25  el_after_av_one_full  avia-builder-el-last  first flex_column_table_cell av-equal-height-column av-align-middle  column-top-margin'     ><section  class='av_textblock_section av-lie6xbkx-0e14164bd87a37e1714e24d747927b7c'   itemscope=\"itemscope\" itemtype=\"https:\/\/schema.org\/CreativeWork\" ><div class='avia_textblock'  itemprop=\"text\" ><h2>API for Direct Integration<\/h2>\n<hr \/>\n<p>Use our API to integrate our ATM database into your website, mobile banking and other applications. Please contact us for additional information.<\/p>\n<\/div><\/section><br \/>\n<div  class='avia-button-wrap av-lie6womh-e7f21ed8431e0e966e06a78e5fcdf20a-wrap avia-button-left  avia-builder-el-27  el_after_av_textblock  avia-builder-el-last'><a href='https:\/\/www.ficanex.ca\/fr\/contact-us\/'  class='avia-button av-lie6womh-e7f21ed8431e0e966e06a78e5fcdf20a av-link-btn avia-icon_select-no avia-size-small avia-position-left avia-color-theme-color'   aria-label=\"COMMUNIQUEZ AVEC NOUS\"><span class='avia_iconbox_title' >COMMUNIQUEZ AVEC NOUS<\/span><\/a><\/div><\/p><\/div><\/div><!--close column table wrapper. Autoclose: 1 -->\n\n<\/div><\/div><\/div><!-- close content main div --><\/div><\/div><div id='av_section_8'  class='avia-section av-wnsb-8af1a7ae93017f339842bc883f1c4f12 main_color avia-section-default avia-no-border-styling  avia-builder-el-28  el_after_av_section  avia-builder-el-last  col-1-section blue-col avia-bg-style-scroll container_wrap fullsize'  ><div class='container av-section-cont-open' ><div class='template-page content  av-content-full alpha units'><div class='post-entry post-entry-type-page post-entry-19'><div class='entry-content-wrapper clearfix'>\n\n<style type=\"text\/css\" data-created_by=\"avia_inline_auto\" id=\"style-css-av-lie77tqr-80ad64b79aff03e28447f4ee295cbbc3\">\n.flex_column.av-lie77tqr-80ad64b79aff03e28447f4ee295cbbc3{\nbackground:url(https:\/\/www.ficanex.ca\/wp-content\/uploads\/2023\/06\/Exchange_Across_Row.jpg) 0% 0% no-repeat scroll ;\n}\n<\/style>\n<div  class='flex_column av-lie77tqr-80ad64b79aff03e28447f4ee295cbbc3 av_one_full  avia-builder-el-29  avia-builder-el-no-sibling  first flex_column_div avia-full-stretch'     ><section  class='av_textblock_section av-lie788ox-b55262263bcf5b691e5d2e4965fbd5fd'   itemscope=\"itemscope\" itemtype=\"https:\/\/schema.org\/CreativeWork\" ><div class='avia_textblock'  itemprop=\"text\" ><h2>Thousands of surcharge-free ATMs across Canada<\/h2>\n<hr \/>\n<p>Pour en savoir davantage, visitez le site Web du r\u00e9seau THE EXCHANGE.<\/p>\n<\/div><\/section><br \/>\n<div  class='avia-button-wrap av-lie78ul1-306a46413ae46a460abb7e7af33091e4-wrap avia-button-left  avia-builder-el-31  el_after_av_textblock  avia-builder-el-last  white-btn'><a href='http:\/\/theexchangenetwork.qa.caorda.com\/fr\/'  class='avia-button av-lie78ul1-306a46413ae46a460abb7e7af33091e4 av-link-btn avia-icon_select-no avia-size-small avia-position-left avia-color-theme-color'  target=\"_blank\"  rel=\"noopener noreferrer\"  aria-label=\"VISITEZ LE R\u00c9SEAU THE EXCHANGE\"><span class='avia_iconbox_title' >VISITEZ LE R\u00c9SEAU THE EXCHANGE<\/span><\/a><\/div><\/p><\/div>","protected":false},"excerpt":{"rendered":"","protected":false},"author":1,"featured_media":0,"parent":0,"menu_order":0,"comment_status":"closed","ping_status":"closed","template":"","meta":{"footnotes":""},"class_list":["post-19","page","type-page","status-publish","hentry"],"yoast_head":"<!-- This site is optimized with the Yoast SEO plugin v27.2 - https:\/\/yoast.com\/product\/yoast-seo-wordpress\/ -->\n<title>Our Network - Ficanex<\/title>\n<meta name=\"description\" content=\"The Exchange Network is a group of over 170 credit unions and banks that have come together to let cardholders use each other\u2019s ATMs.\" \/>\n<meta name=\"robots\" content=\"index, follow, max-snippet:-1, max-image-preview:large, max-video-preview:-1\" \/>\n<link rel=\"canonical\" href=\"https:\/\/www.ficanex.ca\/fr\/our-network\/\" \/>\n<script type=\"application\/ld+json\" class=\"yoast-schema-graph\">{\"@context\":\"https:\/\/schema.org\",\"@graph\":[{\"@type\":\"WebPage\",\"@id\":\"https:\/\/www.ficanex.ca\/our-network\/\",\"url\":\"https:\/\/www.ficanex.ca\/our-network\/\",\"name\":\"Our Network - Ficanex\",\"isPartOf\":{\"@id\":\"https:\/\/www.ficanex.ca\/#website\"},\"datePublished\":\"2023-05-29T23:15:26+00:00\",\"dateModified\":\"2025-04-21T15:16:39+00:00\",\"description\":\"The Exchange Network is a group of over 170 credit unions and banks that have come together to let cardholders use each other\u2019s ATMs.\",\"breadcrumb\":{\"@id\":\"https:\/\/www.ficanex.ca\/our-network\/#breadcrumb\"},\"inLanguage\":\"fr-CA\",\"potentialAction\":[{\"@type\":\"ReadAction\",\"target\":[\"https:\/\/www.ficanex.ca\/our-network\/\"]}]},{\"@type\":\"BreadcrumbList\",\"@id\":\"https:\/\/www.ficanex.ca\/our-network\/#breadcrumb\",\"itemListElement\":[{\"@type\":\"ListItem\",\"position\":1,\"name\":\"Home\",\"item\":\"https:\/\/www.ficanex.ca\/home\/\"},{\"@type\":\"ListItem\",\"position\":2,\"name\":\"Our Network\"}]},{\"@type\":\"WebSite\",\"@id\":\"https:\/\/www.ficanex.ca\/#website\",\"url\":\"https:\/\/www.ficanex.ca\/\",\"name\":\"Ficanex\",\"description\":\"Surcharge-Free ATM Transactions Across Canada\",\"potentialAction\":[{\"@type\":\"SearchAction\",\"target\":{\"@type\":\"EntryPoint\",\"urlTemplate\":\"https:\/\/www.ficanex.ca\/?s={search_term_string}\"},\"query-input\":{\"@type\":\"PropertyValueSpecification\",\"valueRequired\":true,\"valueName\":\"search_term_string\"}}],\"inLanguage\":\"fr-CA\"}]}<\/script>\n<!-- \/ Yoast SEO plugin. -->","yoast_head_json":{"title":"Our Network - Ficanex","description":"The Exchange Network is a group of over 170 credit unions and banks that have come together to let cardholders use each other\u2019s ATMs.","robots":{"index":"index","follow":"follow","max-snippet":"max-snippet:-1","max-image-preview":"max-image-preview:large","max-video-preview":"max-video-preview:-1"},"canonical":"https:\/\/www.ficanex.ca\/fr\/our-network\/","schema":{"@context":"https:\/\/schema.org","@graph":[{"@type":"WebPage","@id":"https:\/\/www.ficanex.ca\/our-network\/","url":"https:\/\/www.ficanex.ca\/our-network\/","name":"Our Network - Ficanex","isPartOf":{"@id":"https:\/\/www.ficanex.ca\/#website"},"datePublished":"2023-05-29T23:15:26+00:00","dateModified":"2025-04-21T15:16:39+00:00","description":"The Exchange Network is a group of over 170 credit unions and banks that have come together to let cardholders use each other\u2019s ATMs.","breadcrumb":{"@id":"https:\/\/www.ficanex.ca\/our-network\/#breadcrumb"},"inLanguage":"fr-CA","potentialAction":[{"@type":"ReadAction","target":["https:\/\/www.ficanex.ca\/our-network\/"]}]},{"@type":"BreadcrumbList","@id":"https:\/\/www.ficanex.ca\/our-network\/#breadcrumb","itemListElement":[{"@type":"ListItem","position":1,"name":"Home","item":"https:\/\/www.ficanex.ca\/home\/"},{"@type":"ListItem","position":2,"name":"Our Network"}]},{"@type":"WebSite","@id":"https:\/\/www.ficanex.ca\/#website","url":"https:\/\/www.ficanex.ca\/","name":"Ficanex","description":"Surcharge-Free ATM Transactions Across Canada","potentialAction":[{"@type":"SearchAction","target":{"@type":"EntryPoint","urlTemplate":"https:\/\/www.ficanex.ca\/?s={search_term_string}"},"query-input":{"@type":"PropertyValueSpecification","valueRequired":true,"valueName":"search_term_string"}}],"inLanguage":"fr-CA"}]}},"_links":{"self":[{"href":"https:\/\/www.ficanex.ca\/fr\/wp-json\/wp\/v2\/pages\/19","targetHints":{"allow":["GET"]}}],"collection":[{"href":"https:\/\/www.ficanex.ca\/fr\/wp-json\/wp\/v2\/pages"}],"about":[{"href":"https:\/\/www.ficanex.ca\/fr\/wp-json\/wp\/v2\/types\/page"}],"author":[{"embeddable":true,"href":"https:\/\/www.ficanex.ca\/fr\/wp-json\/wp\/v2\/users\/1"}],"replies":[{"embeddable":true,"href":"https:\/\/www.ficanex.ca\/fr\/wp-json\/wp\/v2\/comments?post=19"}],"version-history":[{"count":21,"href":"https:\/\/www.ficanex.ca\/fr\/wp-json\/wp\/v2\/pages\/19\/revisions"}],"predecessor-version":[{"id":555,"href":"https:\/\/www.ficanex.ca\/fr\/wp-json\/wp\/v2\/pages\/19\/revisions\/555"}],"wp:attachment":[{"href":"https:\/\/www.ficanex.ca\/fr\/wp-json\/wp\/v2\/media?parent=19"}],"curies":[{"name":"wp","href":"https:\/\/api.w.org\/{rel}","templated":true}]}}