{"id":21,"date":"2023-05-29T16:17:41","date_gmt":"2023-05-29T23:17:41","guid":{"rendered":"https:\/\/www.ficanex.ca\/?page_id=21"},"modified":"2025-03-13T13:53:33","modified_gmt":"2025-03-13T20:53:33","slug":"collaborative-partnerships","status":"publish","type":"page","link":"https:\/\/www.ficanex.ca\/fr\/collaborative-partnerships\/","title":{"rendered":"Partenariats collaboratifs"},"content":{"rendered":"<style type=\"text\/css\" data-created_by=\"avia_inline_auto\" id=\"style-css-av-350dp-8a99a1ab3067e08801d8c0b805a088de\">\n.avia-section.av-350dp-8a99a1ab3067e08801d8c0b805a088de{\nbackground-repeat:no-repeat;\nbackground-image:url(https:\/\/www.ficanex.ca\/wp-content\/uploads\/2023\/06\/Across_all_banner.jpg);\nbackground-position:0% 0%;\nbackground-attachment:scroll;\n}\n<\/style>\n<div id='av_section_1'  class='avia-section av-350dp-8a99a1ab3067e08801d8c0b805a088de main_color avia-section-default avia-no-border-styling  avia-builder-el-0  el_before_av_section  avia-builder-el-first  inner-banner avia-full-stretch avia-bg-style-scroll container_wrap fullsize'  data-section-bg-repeat='stretch'><div class='container av-section-cont-open' ><main  role=\"main\" itemprop=\"mainContentOfPage\"  class='template-page content  av-content-full alpha units'><div class='post-entry post-entry-type-page post-entry-21'><div class='entry-content-wrapper clearfix'>\n<div  class='flex_column av-2x6ih-a90d7a2f42e8a707436d7e2c942e218f av_one_full  avia-builder-el-1  avia-builder-el-no-sibling  first flex_column_div'     ><section  class='av_textblock_section av-lij5zm5n-af3ee24cb88d77d0c1dd94f5bba2339f'   itemscope=\"itemscope\" itemtype=\"https:\/\/schema.org\/CreativeWork\" ><div class='avia_textblock'  itemprop=\"text\" ><h1>Partenariats collaboratifs<\/h1>\n<\/div><\/section><\/div>\n\n<\/div><\/div><\/main><!-- close content main element --><\/div><\/div><div id='av_section_2'  class='avia-section av-2j5yl-fbea639fda3cf6afc2e54046f0bb61b6 main_color avia-section-default avia-no-border-styling  avia-builder-el-3  el_after_av_section  el_before_av_section  col-2-section mobile-column-reverse col-2-center-img all-point avia-bg-style-scroll container_wrap fullsize'  ><div class='container av-section-cont-open' ><div class='template-page content  av-content-full alpha units'><div class='post-entry post-entry-type-page post-entry-21'><div class='entry-content-wrapper clearfix'>\n<div class='flex_column_table av-2505t-50a3f5691bbb620241b894b747a8a913 sc-av_one_full av-equal-height-column-flextable'><div  class='flex_column av-2505t-50a3f5691bbb620241b894b747a8a913 av_one_full  avia-builder-el-4  el_before_av_one_full  avia-builder-el-first  first flex_column_table_cell av-equal-height-column av-align-middle'     ><style type=\"text\/css\" data-created_by=\"avia_inline_auto\" id=\"style-css-av-lij647kt-c90c8e5ad584d2d795cffae14f04bc89\">\n.avia-image-container.av-lij647kt-c90c8e5ad584d2d795cffae14f04bc89 img.avia_image{\nbox-shadow:none;\n}\n.avia-image-container.av-lij647kt-c90c8e5ad584d2d795cffae14f04bc89 .av-image-caption-overlay-center{\ncolor:#ffffff;\n}\n<\/style>\n<div  class='avia-image-container av-lij647kt-c90c8e5ad584d2d795cffae14f04bc89 av-styling- avia-align-center  avia-builder-el-5  avia-builder-el-no-sibling'   itemprop=\"image\" itemscope=\"itemscope\" itemtype=\"https:\/\/schema.org\/ImageObject\" ><div class=\"avia-image-container-inner\"><div class=\"avia-image-overlay-wrap\"><img decoding=\"async\" fetchpriority=\"high\" class='wp-image-233 avia-img-lazy-loading-not-233 avia_image' src=\"https:\/\/www.ficanex.ca\/wp-content\/uploads\/2023\/06\/Untitled-design-2.png\" alt='Allpoint accel ATM' title='Untitled-design-(2)'  height=\"542\" width=\"717\"  itemprop=\"thumbnailUrl\" srcset=\"https:\/\/www.ficanex.ca\/wp-content\/uploads\/2023\/06\/Untitled-design-2.png 717w, https:\/\/www.ficanex.ca\/wp-content\/uploads\/2023\/06\/Untitled-design-2-300x227.png 300w\" sizes=\"(max-width: 717px) 100vw, 717px\" \/><\/div><\/div><\/div><\/div><\/div><!--close column table wrapper. Autoclose: 1 --><div class='flex_column_table av-1f82p-7ffd579e0257eb2343d1fb9bd3795a30 sc-av_one_full av-equal-height-column-flextable'><div  class='flex_column av-1f82p-7ffd579e0257eb2343d1fb9bd3795a30 av_one_full  avia-builder-el-6  el_after_av_one_full  avia-builder-el-last  first flex_column_table_cell av-equal-height-column av-align-middle  column-top-margin'     ><section  class='av_textblock_section av-lij64lpj-ec02d1e41023857c72188e2ab62ca13a'   itemscope=\"itemscope\" itemtype=\"https:\/\/schema.org\/CreativeWork\" ><div class='avia_textblock'  itemprop=\"text\" ><h2>Allpoint &amp; Accel Network Access<\/h2>\n<hr \/>\n<p>En participant au r\u00e9seau THE EXCHANGE, vos titulaires de carte b\u00e9n\u00e9ficieront d\u2019un acc\u00e8s sans frais suppl\u00e9mentaires \u00e0 plus de 40 000 guichets automatiques aux \u00c9tats-Unis par l\u2019interm\u00e9diaire du r\u00e9seau Allpoint, en plus de l\u2019acc\u00e8s r\u00e9gulier \u00e0 plus de 500 000 guichets automatiques arborant le logo du r\u00e9seau de paiements par carte de d\u00e9bit Accel.<\/p>\n<p>Vous pouvez aussi offrir \u00e0 vos clients l\u2019acc\u00e8s au r\u00e9seau de points de vente (PDV) Accel, un des plus grands r\u00e9seaux de PDV aux \u00c9tats-Unis comptant plus de 3 millions d\u2019\u00e9tablissements marchands \u00e0 travers le pays.<\/p>\n<\/div><\/section><br \/>\n<div  class='avia-button-wrap av-pmbd-7bb73dd56d1357ce7ae52e99c00569e5-wrap avia-button-left  avia-builder-el-8  el_after_av_textblock  avia-builder-el-last'><a href='https:\/\/www.ficanex.ca\/fr\/contact-us\/'  class='avia-button av-pmbd-7bb73dd56d1357ce7ae52e99c00569e5 av-link-btn avia-icon_select-no avia-size-small avia-position-left avia-color-theme-color'   aria-label=\"COMMUNIQUEZ AVEC NOUS\"><span class='avia_iconbox_title' >COMMUNIQUEZ AVEC NOUS<\/span><\/a><\/div><\/p><\/div><\/div><!--close column table wrapper. Autoclose: 1 --><\/div><\/div><\/div><!-- close content main div --><\/div><\/div><div id='av_section_3'  class='avia-section av-1i2jl-875fddd5df59e856db7ce9f3d25a82f8 main_color avia-section-default avia-no-border-styling  avia-builder-el-9  el_after_av_section  el_before_av_section  col-1-section grey-col marketing-support avia-bg-style-scroll container_wrap fullsize'  ><div class='container av-section-cont-open' ><div class='template-page content  av-content-full alpha units'><div class='post-entry post-entry-type-page post-entry-21'><div class='entry-content-wrapper clearfix'>\n\n<style type=\"text\/css\" data-created_by=\"avia_inline_auto\" id=\"style-css-av-lij662j7-d703e3d71aa7e67e3a5edf1868734fdd\">\n.flex_column.av-lij662j7-d703e3d71aa7e67e3a5edf1868734fdd{\nbackground:url(https:\/\/www.ficanex.ca\/wp-content\/uploads\/2023\/06\/Marketing_Support_Row.jpg) 0% 0% no-repeat scroll ;\n}\n<\/style>\n<div  class='flex_column av-lij662j7-d703e3d71aa7e67e3a5edf1868734fdd av_one_full  avia-builder-el-10  avia-builder-el-no-sibling  first flex_column_div avia-full-stretch'     ><section  class='av_textblock_section av-lij65ngf-aa370e2c82442ee5a96d0bf40465db4a'   itemscope=\"itemscope\" itemtype=\"https:\/\/schema.org\/CreativeWork\" ><div class='avia_textblock'  itemprop=\"text\" ><h2>Marketing Support<\/h2>\n<hr \/>\n<p>Nous fournissons aux institutions financi\u00e8res participantes du mat\u00e9riel marketing permettant aux employ\u00e9s et aux titulaires de cartes de s\u2019informer sur les avantages du r\u00e9seau. Nous vous fournissons les fichiers sources pour que votre \u00e9quipe de marketing puisse les personnaliser \u00e0 l\u2019image et \u00e0 la posture de votre marque.<\/p>\n<\/div><\/section><br \/>\n<div  class='avia-button-wrap av-vx0h-e7dd92ec4ad3e40be9a2cf20d00fbd38-wrap avia-button-left  avia-builder-el-12  el_after_av_textblock  avia-builder-el-last'><a href='https:\/\/www.ficanex.ca\/fr\/contact-us\/'  class='avia-button av-vx0h-e7dd92ec4ad3e40be9a2cf20d00fbd38 av-link-btn avia-icon_select-no avia-size-small avia-position-left avia-color-theme-color'   aria-label=\"COMMUNIQUEZ AVEC NOUS\"><span class='avia_iconbox_title' >COMMUNIQUEZ AVEC NOUS<\/span><\/a><\/div><\/p><\/div><\/div><\/div><\/div><!-- close content main div --><\/div><\/div><div id='av_section_4'  class='avia-section av-vla9-ed04a56134aa48b9adeb97690f68f130 main_color avia-section-default avia-no-border-styling  avia-builder-el-13  el_after_av_section  avia-builder-el-last  col-1-section blue-col collab-partnerships-blue-col avia-bg-style-scroll container_wrap fullsize'  ><div class='container av-section-cont-open' ><div class='template-page content  av-content-full alpha units'><div class='post-entry post-entry-type-page post-entry-21'><div class='entry-content-wrapper clearfix'>\n\n<style type=\"text\/css\" data-created_by=\"avia_inline_auto\" id=\"style-css-av-lij67ljn-baa53bf647108d155fe69b0c683aaaf9\">\n.flex_column.av-lij67ljn-baa53bf647108d155fe69b0c683aaaf9{\nbackground:url(https:\/\/www.ficanex.ca\/wp-content\/uploads\/2023\/06\/Atm_Branding_Row.jpg) 0% 0% no-repeat scroll ;\n}\n<\/style>\n<div  class='flex_column av-lij67ljn-baa53bf647108d155fe69b0c683aaaf9 av_one_full  avia-builder-el-14  avia-builder-el-no-sibling  first flex_column_div avia-full-stretch'     ><section  class='av_textblock_section av-lij66cn5-320c7d156b896318d01e549ce00ba43e'   itemscope=\"itemscope\" itemtype=\"https:\/\/schema.org\/CreativeWork\" ><div class='avia_textblock'  itemprop=\"text\" ><h2>ATM Branding Program<\/h2>\n<hr \/>\n<p>Faites cro\u00eetre la visibilit\u00e9 de la marque de votre institution financi\u00e8re dans des zones tr\u00e8s achaland\u00e9es \u00e0 une fraction du prix d\u2019un programme de marketing traditionnel. Notre programme d\u2019\u00e9tablissement de la marque de GAB, en partenariat avec Stanley Security, \u00e9limine les co\u00fbts associ\u00e9s \u00e0 la possession, \u00e0 la gestion et \u00e0 l\u2019exploitation d\u2019un GAB tout en rehaussant la sensibilisation \u00e0 la marque et la commodit\u00e9 pour l\u2019utilisateur.<\/p>\n<\/div><\/section><br \/>\n<div  class='avia-button-wrap av-lij672n8-d3b49bfa9d13c1ab1fa8b9cd781d4920-wrap avia-button-left  avia-builder-el-16  el_after_av_textblock  avia-builder-el-last  white-btn'><a href='https:\/\/www.ficanex.ca\/fr\/contact-us\/'  class='avia-button av-lij672n8-d3b49bfa9d13c1ab1fa8b9cd781d4920 av-link-btn avia-icon_select-no avia-size-small avia-position-left avia-color-theme-color'   aria-label=\"COMMUNIQUEZ AVEC NOUS\"><span class='avia_iconbox_title' >COMMUNIQUEZ AVEC NOUS<\/span><\/a><\/div><\/p><\/div><\/p>","protected":false},"excerpt":{"rendered":"","protected":false},"author":1,"featured_media":0,"parent":0,"menu_order":0,"comment_status":"closed","ping_status":"closed","template":"","meta":{"footnotes":""},"class_list":["post-21","page","type-page","status-publish","hentry"],"yoast_head":"<!-- This site is optimized with the Yoast SEO plugin v27.2 - https:\/\/yoast.com\/product\/yoast-seo-wordpress\/ -->\n<title>Collaborative Partnerships - Ficanex<\/title>\n<meta name=\"description\" content=\"With the help of our collaborative partners, Ficanex is able to offer marketing support, ATM branding, improved customer experience and more.\" \/>\n<meta name=\"robots\" content=\"index, follow, max-snippet:-1, max-image-preview:large, max-video-preview:-1\" \/>\n<link rel=\"canonical\" href=\"https:\/\/www.ficanex.ca\/fr\/collaborative-partnerships\/\" \/>\n<script type=\"application\/ld+json\" class=\"yoast-schema-graph\">{\"@context\":\"https:\/\/schema.org\",\"@graph\":[{\"@type\":\"WebPage\",\"@id\":\"https:\/\/www.ficanex.ca\/collaborative-partnerships\/\",\"url\":\"https:\/\/www.ficanex.ca\/collaborative-partnerships\/\",\"name\":\"Collaborative Partnerships - Ficanex\",\"isPartOf\":{\"@id\":\"https:\/\/www.ficanex.ca\/#website\"},\"datePublished\":\"2023-05-29T23:17:41+00:00\",\"dateModified\":\"2025-03-13T20:53:33+00:00\",\"description\":\"With the help of our collaborative partners, Ficanex is able to offer marketing support, ATM branding, improved customer experience and more.\",\"breadcrumb\":{\"@id\":\"https:\/\/www.ficanex.ca\/collaborative-partnerships\/#breadcrumb\"},\"inLanguage\":\"fr-CA\",\"potentialAction\":[{\"@type\":\"ReadAction\",\"target\":[\"https:\/\/www.ficanex.ca\/collaborative-partnerships\/\"]}]},{\"@type\":\"BreadcrumbList\",\"@id\":\"https:\/\/www.ficanex.ca\/collaborative-partnerships\/#breadcrumb\",\"itemListElement\":[{\"@type\":\"ListItem\",\"position\":1,\"name\":\"Home\",\"item\":\"https:\/\/www.ficanex.ca\/home\/\"},{\"@type\":\"ListItem\",\"position\":2,\"name\":\"Collaborative Partnerships\"}]},{\"@type\":\"WebSite\",\"@id\":\"https:\/\/www.ficanex.ca\/#website\",\"url\":\"https:\/\/www.ficanex.ca\/\",\"name\":\"Ficanex\",\"description\":\"Surcharge-Free ATM Transactions Across Canada\",\"potentialAction\":[{\"@type\":\"SearchAction\",\"target\":{\"@type\":\"EntryPoint\",\"urlTemplate\":\"https:\/\/www.ficanex.ca\/?s={search_term_string}\"},\"query-input\":{\"@type\":\"PropertyValueSpecification\",\"valueRequired\":true,\"valueName\":\"search_term_string\"}}],\"inLanguage\":\"fr-CA\"}]}<\/script>\n<!-- \/ Yoast SEO plugin. -->","yoast_head_json":{"title":"Collaborative Partnerships - Ficanex","description":"With the help of our collaborative partners, Ficanex is able to offer marketing support, ATM branding, improved customer experience and more.","robots":{"index":"index","follow":"follow","max-snippet":"max-snippet:-1","max-image-preview":"max-image-preview:large","max-video-preview":"max-video-preview:-1"},"canonical":"https:\/\/www.ficanex.ca\/fr\/collaborative-partnerships\/","schema":{"@context":"https:\/\/schema.org","@graph":[{"@type":"WebPage","@id":"https:\/\/www.ficanex.ca\/collaborative-partnerships\/","url":"https:\/\/www.ficanex.ca\/collaborative-partnerships\/","name":"Collaborative Partnerships - Ficanex","isPartOf":{"@id":"https:\/\/www.ficanex.ca\/#website"},"datePublished":"2023-05-29T23:17:41+00:00","dateModified":"2025-03-13T20:53:33+00:00","description":"With the help of our collaborative partners, Ficanex is able to offer marketing support, ATM branding, improved customer experience and more.","breadcrumb":{"@id":"https:\/\/www.ficanex.ca\/collaborative-partnerships\/#breadcrumb"},"inLanguage":"fr-CA","potentialAction":[{"@type":"ReadAction","target":["https:\/\/www.ficanex.ca\/collaborative-partnerships\/"]}]},{"@type":"BreadcrumbList","@id":"https:\/\/www.ficanex.ca\/collaborative-partnerships\/#breadcrumb","itemListElement":[{"@type":"ListItem","position":1,"name":"Home","item":"https:\/\/www.ficanex.ca\/home\/"},{"@type":"ListItem","position":2,"name":"Collaborative Partnerships"}]},{"@type":"WebSite","@id":"https:\/\/www.ficanex.ca\/#website","url":"https:\/\/www.ficanex.ca\/","name":"Ficanex","description":"Surcharge-Free ATM Transactions Across Canada","potentialAction":[{"@type":"SearchAction","target":{"@type":"EntryPoint","urlTemplate":"https:\/\/www.ficanex.ca\/?s={search_term_string}"},"query-input":{"@type":"PropertyValueSpecification","valueRequired":true,"valueName":"search_term_string"}}],"inLanguage":"fr-CA"}]}},"_links":{"self":[{"href":"https:\/\/www.ficanex.ca\/fr\/wp-json\/wp\/v2\/pages\/21","targetHints":{"allow":["GET"]}}],"collection":[{"href":"https:\/\/www.ficanex.ca\/fr\/wp-json\/wp\/v2\/pages"}],"about":[{"href":"https:\/\/www.ficanex.ca\/fr\/wp-json\/wp\/v2\/types\/page"}],"author":[{"embeddable":true,"href":"https:\/\/www.ficanex.ca\/fr\/wp-json\/wp\/v2\/users\/1"}],"replies":[{"embeddable":true,"href":"https:\/\/www.ficanex.ca\/fr\/wp-json\/wp\/v2\/comments?post=21"}],"version-history":[{"count":14,"href":"https:\/\/www.ficanex.ca\/fr\/wp-json\/wp\/v2\/pages\/21\/revisions"}],"predecessor-version":[{"id":554,"href":"https:\/\/www.ficanex.ca\/fr\/wp-json\/wp\/v2\/pages\/21\/revisions\/554"}],"wp:attachment":[{"href":"https:\/\/www.ficanex.ca\/fr\/wp-json\/wp\/v2\/media?parent=21"}],"curies":[{"name":"wp","href":"https:\/\/api.w.org\/{rel}","templated":true}]}}