{"id":26,"date":"2023-05-29T16:24:40","date_gmt":"2023-05-29T23:24:40","guid":{"rendered":"https:\/\/www.ficanex.ca\/?page_id=26"},"modified":"2026-01-30T10:05:01","modified_gmt":"2026-01-30T17:05:01","slug":"board-of-directors","status":"publish","type":"page","link":"https:\/\/www.ficanex.ca\/fr\/board-of-directors\/","title":{"rendered":"Conseil d\u2019administration"},"content":{"rendered":"<style type=\"text\/css\" data-created_by=\"avia_inline_auto\" id=\"style-css-av-6082-d437e83347fac073e863ed796783b7ca\">\n.avia-section.av-6082-d437e83347fac073e863ed796783b7ca{\nbackground-repeat:no-repeat;\nbackground-image:url(https:\/\/www.ficanex.ca\/wp-content\/uploads\/2023\/06\/Across_all_banner.jpg);\nbackground-position:0% 0%;\nbackground-attachment:scroll;\n}\n<\/style>\n<div id='av_section_1'  class='avia-section av-6082-d437e83347fac073e863ed796783b7ca main_color avia-section-default avia-no-border-styling  avia-builder-el-0  el_before_av_section  avia-builder-el-first  inner-banner avia-full-stretch avia-bg-style-scroll container_wrap fullsize'  data-section-bg-repeat='stretch'><div class='container av-section-cont-open' ><main  role=\"main\" itemprop=\"mainContentOfPage\"  class='template-page content  av-content-full alpha units'><div class='post-entry post-entry-type-page post-entry-26'><div class='entry-content-wrapper clearfix'>\n<div  class='flex_column av-163zq-24f16af8d0dc5f9b5e673ac5d0104cf6 av_one_full  avia-builder-el-1  avia-builder-el-no-sibling  first flex_column_div'     ><section  class='av_textblock_section av-liizza6f-2d1d639bed64c22ac7254ea0332bfa50'   itemscope=\"itemscope\" itemtype=\"https:\/\/schema.org\/CreativeWork\" ><div class='avia_textblock'  itemprop=\"text\" ><h1>Conseil d\u2019administration<\/h1>\n<\/div><\/section><\/div>\n\n<\/div><\/div><\/main><!-- close content main element --><\/div><\/div><div id='av_section_2'  class='avia-section av-2df92-6f8089f42a6130a564eb520e049391ab main_color avia-section-default avia-no-border-styling  avia-builder-el-3  el_after_av_section  avia-builder-el-last  board-members avia-bg-style-scroll container_wrap fullsize'  ><div class='container av-section-cont-open' ><div class='template-page content  av-content-full alpha units'><div class='post-entry post-entry-type-page post-entry-26'><div class='entry-content-wrapper clearfix'>\n<div  class='flex_column av-3hhe-ec8b862c4c57776c78504f5c7706d74a av_one_full  avia-builder-el-4  el_before_av_one_full  avia-builder-el-first  first flex_column_div'     ><section  class='av_textblock_section av-liizy63y-c83433de9ad736a98bac9455afa8c7d1'   itemscope=\"itemscope\" itemtype=\"https:\/\/schema.org\/CreativeWork\" ><div class='avia_textblock'  itemprop=\"text\" ><h2>Fred Cook (Chair)<\/h2>\n<div>\n<p>Fred Cook est un haut dirigeant du secteur des services financiers et des technologies comptant plus de 25 ans d'exp\u00e9rience dans l'accompagnement d'organisations en mati\u00e8re de transformation num\u00e9rique, de modernisation technologique et d'automatisation op\u00e9rationnelle. Sa carri\u00e8re est jalonn\u00e9e de r\u00f4les de haute direction englobant les technologies, les op\u00e9rations commerciales et les installations, avec une priorit\u00e9 constante : harmoniser l'innovation avec la gestion des risques, les attentes r\u00e9glementaires et la strat\u00e9gie d'entreprise \u00e0 long terme.\n\n\u00c0 titre de chef de la direction de l'information (retrait\u00e9) chez BlueShore Financial, Fred a dirig\u00e9 les secteurs des technologies, des solutions d'op\u00e9rations d'affaires et des installations. Sous sa gouverne, l'organisation s'est positionn\u00e9e comme un innovateur reconnu dans l'industrie, tout en maintenant une r\u00e9silience op\u00e9rationnelle et une discipline de gouvernance rigoureuses. Il a supervis\u00e9 des portefeuilles technologiques complexes, des infrastructures d'entreprise, des \u00e9cosyst\u00e8mes de fournisseurs et des investissements en capital essentiels \u00e0 la stabilit\u00e9 organisationnelle et \u00e0 la croissance strat\u00e9gique.<\/p>\n<p>Fred est reconnu pour avoir dirig\u00e9 l\u2019implantation de la premi\u00e8re plateforme bancaire centrale Temenos T24 en Am\u00e9rique du Nord \u2014 un jalon majeur dans la modernisation des syst\u00e8mes bancaires \u2014 ainsi que pour avoir co-cr\u00e9\u00e9 le mod\u00e8le de succursale prim\u00e9 Financial Spa\u00ae. Ce concept de conception int\u00e9gr\u00e9e combine plateformes num\u00e9riques, donn\u00e9es, processus et environnements physiques pour red\u00e9finir l'exp\u00e9rience client et assurer une diff\u00e9renciation concurrentielle durable.<\/p>\n<p>Il a si\u00e9g\u00e9 \u00e0 divers conseils d'administration et comit\u00e9s de pairs dans les secteurs des paiements et des technologies des coop\u00e9ratives de cr\u00e9dit au Canada, ainsi qu'au conseil consultatif technologique de Hewlett Packard Canada. \u00c0 l'\u00e9chelle internationale, il a dirig\u00e9 le groupe mondial de pairs Temenos\u2013Microsoft afin de faire progresser les meilleures pratiques. Son leadership a \u00e9t\u00e9 soulign\u00e9 par le prix Midmarket IT Leadership, le prix Elite 8 CIO et le prix Visionary Leadership.<\/p>\n<\/div>\n<\/div><\/section><\/div><div  class='flex_column av-2lrhe-7e30d052c90e1ae41bd1f0f0f6a1a35a av_one_full  avia-builder-el-6  el_after_av_one_full  el_before_av_one_full  first flex_column_div  column-top-margin'     ><section  class='av_textblock_section av-liizxkt5-bf60283c47b93671655b69f4cf234024'   itemscope=\"itemscope\" itemtype=\"https:\/\/schema.org\/CreativeWork\" ><div class='avia_textblock'  itemprop=\"text\" ><h2>Nancy McNeill<\/h2>\n<div>\n<p>Nancy dirige les op\u00e9rations d\u2019entreprise et le bureau de transformation de Coast Capital Savings. Elle assume un r\u00f4le de soutien du r\u00e9seau des succursales, des centres commerciaux et des centres de contact de la coop\u00e9rative de cr\u00e9dit dans la prestation de services bancaires \u00e0 ses membres. Dans le cadre de ses fonctions, Nancy collabore avec une \u00e9quipe de direction pour aider \u00e0 la mise en \u0153uvre de projets et de lancements d\u2019entreprise, en am\u00e9liorant continuellement les processus au sein des activit\u00e9s de la coop\u00e9rative de cr\u00e9dit et dans l\u2019ensemble de l\u2019entreprise. Avec 47 ans d\u2019exp\u00e9rience dans le secteur des services financiers et de paiement, Nancy a \u00e9t\u00e9 membre fondatrice du R\u00e9seau national canadien de guichets automatiques pendant 12 ans. Aujourd\u2019hui, elle est membre du comit\u00e9 de gestion du syst\u00e8me des paiements en temps r\u00e9el (RTR) de Paiements Canada, de la modernisation des paiements de l\u2019ABC, du comit\u00e9 consultatif, nouvellement nomm\u00e9e au conseil d\u2019administration de Ficanex et si\u00e8ge \u00e0 de nombreux groupes consultatifs pour Central 1. Nancy a dirig\u00e9 de nombreux projets d\u2019entreprise pour Coast Capital Savings, notamment des projets li\u00e9s aux paiements num\u00e9riques, \u00e0 Interac et aux pr\u00eats.<\/p>\n<p>Nancy vit \u00e0 South Surrey, en Colombie-Britannique. Elle aime voyager et d\u00e9guster du bon vin.<\/p>\n<\/div>\n<\/div><\/section><\/div><div  class='flex_column av-2am66-a709dd9a81c37e4d77df5f52e2328d67 av_one_full  avia-builder-el-8  el_after_av_one_full  el_before_av_one_full  first flex_column_div  column-top-margin'     ><section  class='av_textblock_section av-liizxrhh-bbfdd2f9f597ba5407a60803930fb70c'   itemscope=\"itemscope\" itemtype=\"https:\/\/schema.org\/CreativeWork\" ><div class='avia_textblock'  itemprop=\"text\" ><h2>Paul Paruch<\/h2>\n<p>En tant que vice-pr\u00e9sident du num\u00e9rique et des paiements, Paul est un membre cl\u00e9 de l\u2019\u00e9quipe de la haute direction d\u2019Atlantic Central et de League Savings and Mortgage Company. Il poss\u00e8de 30 ans d\u2019exp\u00e9rience dans le syst\u00e8me de caisses populaires avec pr\u00e8s de 20 ans \u00e0 des postes de haute direction. Paul a codirig\u00e9 la cr\u00e9ation du programme national de carte de cr\u00e9dit, qui a facilit\u00e9 la sortie du syst\u00e8me national de caisses populaires de la Banque TD pour les services de cartes de cr\u00e9dit. Paul est actuellement copr\u00e9sident du conseil consultatif central de modernisation des paiements et il si\u00e8ge au conseil d\u2019administration de Credit Union Central of Canada (CUCC).<\/p>\n<\/div><\/section><\/div><div  class='flex_column av-1m8uu-d41f42ccb50d74ff07343a21024e880e av_one_full  avia-builder-el-10  el_after_av_one_full  el_before_av_one_full  first flex_column_div  column-top-margin'     ><section  class='av_textblock_section av-liizxyjt-f851a5cc1a5f70bc0e5dbc6741b3f9f6'   itemscope=\"itemscope\" itemtype=\"https:\/\/schema.org\/CreativeWork\" ><div class='avia_textblock'  itemprop=\"text\" ><h2>Chris Inniss<\/h2>\n<p>Chris Inniss joined Mainstreet Credit Union in September 2021 as President &amp; CEO; however, Chris has spent a number of years within the credit union sector, and several more years working in the financial services industry. Chris has also recently completed his EMBA at Ivey with Ivey Scholar distinction, where he particularly excelled at corporate strategy.<\/p>\n<p>Gr\u00e2ce \u00e0 ses exp\u00e9riences et \u00e0 sa formation, Chris est devenu un chef de file transformationnel dans l\u2019industrie des caisses populaires, comptant sur une exp\u00e9rience av\u00e9r\u00e9e de r\u00e9ussite. B\u00e2tisseur de culture charismatique et visionnaire, il donne l\u2019exemple, favorisant une communication ouverte et un mentorat pour habiliter son \u00e9quipe \u00e0 r\u00e9aliser la vision. Motiv\u00e9 et ambitieux, il est confiant, persuasif et pr\u00eat \u00e0 relever des d\u00e9fis et \u00e0 prendre des risques lui-m\u00eame. Son style de direction collaboratif donne \u00e0 son \u00e9quipe la libert\u00e9 et la confiance n\u00e9cessaires pour se d\u00e9passer.<\/p>\n<p>Chris poss\u00e8de \u00e9galement une vaste exp\u00e9rience au sein de conseils d\u2019administration et de comit\u00e9s, si\u00e9geant au National Credit Union Young Leaders Committee (Comit\u00e9 national des jeunes dirigeants de caisses populaires), au Business Advisory Centre Durham (Centre consultatif des affaires de Durham), \u00e0 la Regional Food Distribution Association (Association r\u00e9gionale de distribution alimentaire) \u00e0 la Back Door Mission for the Relief of Poverty (Mission pour le soulagement de la pauvret\u00e9), et, plus r\u00e9cemment, au conseil de l\u2019Ontario Credit Union Foundation (Fondation des caisses populaires de l\u2019Ontario) et, maintenant, \u00e0 titre de directeur des services FICANEX.<\/p>\n<\/div><\/section><\/div><div  class='flex_column av-137im-9f4e12a31a6c11678bee2da2eef38d22 av_one_full  avia-builder-el-12  el_after_av_one_full  el_before_av_one_full  first flex_column_div  column-top-margin'     ><section  class='av_textblock_section av-lqzo1s8u-f40aae29df2b1473686b66b1738872ce'   itemscope=\"itemscope\" itemtype=\"https:\/\/schema.org\/CreativeWork\" ><div class='avia_textblock'  itemprop=\"text\" ><h2>Mike Kelso<\/h2>\n<p>Apr\u00e8s avoir perfectionn\u00e9 son m\u00e9tier de concepteur de syst\u00e8mes \u00e0 la CIBC au d\u00e9but des ann\u00e9es 1980, Mike a cofond\u00e9 TCS (Canada) Ltd, qui a d\u00e9velopp\u00e9 et commercialis\u00e9 des solutions de paiement et d\u2019agence pour les institutions financi\u00e8res en Am\u00e9rique du Nord, dans les Cara\u00efbes, au Moyen-Orient et en Asie. Parmi les nombreuses premi\u00e8res qu\u2019il a dirig\u00e9es, on peut citer la premi\u00e8re carte financi\u00e8re \u00e0 puce au Canada, la gestion logicielle centralis\u00e9e du r\u00e9seau national de terminaux de point de vente d\u2019Arabie saoudite, ainsi que la conception et la mise en \u0153uvre des r\u00e9seaux nationaux partag\u00e9s de guichets automatiques et de points de vente dans trois pays.<\/p>\n<p>Apr\u00e8s dix ans chez TCS, il a conduit l\u2019entreprise \u00e0 cr\u00e9er le premier commutateur de guichets automatiques priv\u00e9s \u00e0 \u00e9tiquette blanche au Canada, et TCS est rapidement devenu le plus grand r\u00e9seau de guichets bancaires du pays.<\/p>\n<p>Ces derni\u00e8res ann\u00e9es, par l\u2019interm\u00e9diaire de sa soci\u00e9t\u00e9 de conseil, Mike a d\u00e9velopp\u00e9 des fili\u00e8res pour les cartes \u00e0 puce, les paiements sans contact et les paiements mobiles pour des dizaines d\u2019institutions financi\u00e8res. Il a \u00e9galement fourni des services de conseil en mati\u00e8re de strat\u00e9gie commerciale, de d\u00e9finition de produits et de conception technique dans le domaine des paiements \u00e0 de nombreuses grandes entreprises, \u00e0 des r\u00e9seaux de cartes et \u00e0 des organisations gouvernementales dans le monde entier.<\/p>\n<\/div><\/section><\/div><div  class='flex_column av-13yty-b279981ef380c6693a31cbde7f593da6 av_one_full  avia-builder-el-14  el_after_av_one_full  el_before_av_one_full  first flex_column_div  column-top-margin'     ><section  class='av_textblock_section av-lxkingxf-21bc00ed3285c1249906a2b88f2c99a9'   itemscope=\"itemscope\" itemtype=\"https:\/\/schema.org\/CreativeWork\" ><div class='avia_textblock'  itemprop=\"text\" ><h2>Andrew Homan<\/h2>\n<p>Andrew dirige actuellement les services bancaires et les paiements num\u00e9riques pour Vancity, l\u2019une des plus grandes coop\u00e9ratives de cr\u00e9dit au Canada. En tant que responsable chevronn\u00e9 de la gestion de produits, Andrew cumule pr\u00e8s de deux d\u00e9cennies d\u2019exp\u00e9rience dans le secteur des services financiers.<\/p>\n<p>Tout au long de sa carri\u00e8re, il a eu le privil\u00e8ge de travailler avec des institutions financi\u00e8res et des soci\u00e9t\u00e9s de technologie financi\u00e8re de diff\u00e9rentes tailles, ce qui lui a donn\u00e9 une perspective \u00e9largie du secteur. Dans le cadre de ses fonctions pr\u00e9c\u00e9dentes, Andrew a dirig\u00e9 des \u00e9quipes qui ont \u00e9t\u00e9 r\u00e9compens\u00e9es par de nombreux prix d\u2019innovation pour leur travail avant-gardiste. L\u2019une de ses r\u00e9alisations les plus remarquables a \u00e9t\u00e9 de diriger le lancement de la seule banque num\u00e9rique \u00e0 service complet au Canada, ce qui a \u00e9tabli une nouvelle norme pour les services bancaires \u00e0 l\u2019\u00e8re num\u00e9rique.<\/p>\n<p>Andrew est passionn\u00e9 par l\u2019innovation et l\u2019excellence dans le domaine des services bancaires et des paiements num\u00e9riques, et il se r\u00e9jouit de continuer \u00e0 contribuer \u00e0 l\u2019\u00e9volution de ce secteur.<\/p>\n<\/div><\/section><\/div><div  class='flex_column av-pidu-108e449b97fbd36997bc7f42f6619e8d av_one_full  avia-builder-el-16  el_after_av_one_full  el_before_av_one_full  first flex_column_div  column-top-margin'     ><section  class='av_textblock_section av-m0r1vsjv-8afcf7b8f737efb9b6aa200fc954cc5f'   itemscope=\"itemscope\" itemtype=\"https:\/\/schema.org\/CreativeWork\" ><div class='avia_textblock'  itemprop=\"text\" ><h2>Doug Ebner<\/h2>\n<p>Professionnel chevronn\u00e9 de l\u2019industrie des caisses populaires, Doug Ebner poss\u00e8de plus de deux d\u00e9cennies d\u2019exp\u00e9rience. Chez SASCU, il a occup\u00e9 le poste de vice-pr\u00e9sident de la strat\u00e9gie et de l\u2019innovation, dirigeant des initiatives telles que la transformation num\u00e9rique, la m\u00e9thode Lean et les projets Agile. Auparavant, en tant que vice-pr\u00e9sident de l\u2019innovation et de l\u2019int\u00e9gration commerciale chez Your Neighbourhood Credit Union (Ontario), Doug a men\u00e9 des initiatives visant \u00e0 am\u00e9liorer l\u2019exp\u00e9rience des membres et des employ\u00e9s gr\u00e2ce \u00e0 des solutions innovantes. Fruit de son exp\u00e9rience au sein de diverses caisses populaires, son expertise couvre les op\u00e9rations num\u00e9riques, l\u2019ex\u00e9cution de projets, l\u2019innovation et l\u2019analyse de donn\u00e9es. Doug est titulaire de la certification Ceinture noire en m\u00e9thodologie LEAN, d\u00e9montrant son engagement envers la cr\u00e9ation de valeur et l\u2019am\u00e9lioration de l\u2019efficacit\u00e9 organisationnelle. Ancien participant au programme i3 de l\u2019Institut Filene, il a apport\u00e9 des solutions innovantes au syst\u00e8me des caisses populaires. Anim\u00e9 d\u2019une passion in\u00e9branlable pour les changements positifs, Doug continue d\u2019influencer l\u2019avenir du secteur, en veillant \u00e0 ce que les organisations restent \u00e0 la pointe de l\u2019innovation et de l\u2019excellence.<\/p>\n<\/div><\/section><\/div><div  class='flex_column av-qxji-8c97e4be49ae2b885c2ffbf71c0100ef av_one_full  avia-builder-el-18  el_after_av_one_full  avia-builder-el-last  first flex_column_div  column-top-margin'     ><section  class='av_textblock_section av-mex5ykdu-bd4141ee3554af80d2150fb940fe61a0'   itemscope=\"itemscope\" itemtype=\"https:\/\/schema.org\/CreativeWork\" ><div class='avia_textblock'  itemprop=\"text\" ><h2>Sue Whitney<\/h2>\n<p>Sue est conseill\u00e8re sp\u00e9ciale en strat\u00e9gie et relations de paiement chez Central 1. Sue est charg\u00e9e de moderniser les services de paiement de Central 1 et de d\u00e9finir sa future strat\u00e9gie en mati\u00e8re de paiements, l\u2019un des principaux services offerts par Central 1 aux coop\u00e9ratives de cr\u00e9dit et \u00e0 de nombreuses autres institutions financi\u00e8res partout au Canada. Sue a consacr\u00e9 une grande partie de sa carri\u00e8re professionnelle \u00e0 \u00e9laborer des solutions visant \u00e0 offrir une exp\u00e9rience de paiement exceptionnelle, notamment chez Interac Association, Visa Canada et Paiements Canada. Sue a dirig\u00e9 des changements transformationnels dans chacune de ces organisations, notamment en introduisant les cartes \u00e0 puce chez Interac et en ajoutant le virement \u00e9lectronique \u00e0 la gamme de produits Interac, en lan\u00e7ant les paiements par carte de d\u00e9bit Visa et sans contact avec Visa, et en dirigeant les relations avec l\u2019industrie et les parties prenantes ainsi que la strat\u00e9gie produit pour la modernisation des paiements chez Paiements Canada. Sue a \u00e9galement travaill\u00e9 dans une entreprise mondiale de technologie financi\u00e8re et comme r\u00e9gulatrice f\u00e9d\u00e9rale dans le domaine des services financiers.<\/p>\n<\/div><\/section><\/div>","protected":false},"excerpt":{"rendered":"","protected":false},"author":1,"featured_media":0,"parent":0,"menu_order":0,"comment_status":"closed","ping_status":"closed","template":"","meta":{"footnotes":""},"class_list":["post-26","page","type-page","status-publish","hentry"],"yoast_head":"<!-- This site is optimized with the Yoast SEO plugin v27.2 - https:\/\/yoast.com\/product\/yoast-seo-wordpress\/ -->\n<title>Board of Directors - Ficanex<\/title>\n<meta name=\"description\" content=\"On this page, view the full list of Board of Directors for Ficanex, including the Board Chair.\" \/>\n<meta name=\"robots\" content=\"index, follow, max-snippet:-1, max-image-preview:large, max-video-preview:-1\" \/>\n<link rel=\"canonical\" href=\"https:\/\/www.ficanex.ca\/fr\/board-of-directors\/\" \/>\n<script type=\"application\/ld+json\" class=\"yoast-schema-graph\">{\"@context\":\"https:\/\/schema.org\",\"@graph\":[{\"@type\":\"WebPage\",\"@id\":\"https:\/\/www.ficanex.ca\/board-of-directors\/\",\"url\":\"https:\/\/www.ficanex.ca\/board-of-directors\/\",\"name\":\"Board of Directors - Ficanex\",\"isPartOf\":{\"@id\":\"https:\/\/www.ficanex.ca\/#website\"},\"datePublished\":\"2023-05-29T23:24:40+00:00\",\"dateModified\":\"2026-01-30T17:05:01+00:00\",\"description\":\"On this page, view the full list of Board of Directors for Ficanex, including the Board Chair.\",\"breadcrumb\":{\"@id\":\"https:\/\/www.ficanex.ca\/board-of-directors\/#breadcrumb\"},\"inLanguage\":\"fr-CA\",\"potentialAction\":[{\"@type\":\"ReadAction\",\"target\":[\"https:\/\/www.ficanex.ca\/board-of-directors\/\"]}]},{\"@type\":\"BreadcrumbList\",\"@id\":\"https:\/\/www.ficanex.ca\/board-of-directors\/#breadcrumb\",\"itemListElement\":[{\"@type\":\"ListItem\",\"position\":1,\"name\":\"Home\",\"item\":\"https:\/\/www.ficanex.ca\/home\/\"},{\"@type\":\"ListItem\",\"position\":2,\"name\":\"Board of Directors\"}]},{\"@type\":\"WebSite\",\"@id\":\"https:\/\/www.ficanex.ca\/#website\",\"url\":\"https:\/\/www.ficanex.ca\/\",\"name\":\"Ficanex\",\"description\":\"Surcharge-Free ATM Transactions Across Canada\",\"potentialAction\":[{\"@type\":\"SearchAction\",\"target\":{\"@type\":\"EntryPoint\",\"urlTemplate\":\"https:\/\/www.ficanex.ca\/?s={search_term_string}\"},\"query-input\":{\"@type\":\"PropertyValueSpecification\",\"valueRequired\":true,\"valueName\":\"search_term_string\"}}],\"inLanguage\":\"fr-CA\"}]}<\/script>\n<!-- \/ Yoast SEO plugin. -->","yoast_head_json":{"title":"Board of Directors - Ficanex","description":"On this page, view the full list of Board of Directors for Ficanex, including the Board Chair.","robots":{"index":"index","follow":"follow","max-snippet":"max-snippet:-1","max-image-preview":"max-image-preview:large","max-video-preview":"max-video-preview:-1"},"canonical":"https:\/\/www.ficanex.ca\/fr\/board-of-directors\/","schema":{"@context":"https:\/\/schema.org","@graph":[{"@type":"WebPage","@id":"https:\/\/www.ficanex.ca\/board-of-directors\/","url":"https:\/\/www.ficanex.ca\/board-of-directors\/","name":"Board of Directors - Ficanex","isPartOf":{"@id":"https:\/\/www.ficanex.ca\/#website"},"datePublished":"2023-05-29T23:24:40+00:00","dateModified":"2026-01-30T17:05:01+00:00","description":"On this page, view the full list of Board of Directors for Ficanex, including the Board Chair.","breadcrumb":{"@id":"https:\/\/www.ficanex.ca\/board-of-directors\/#breadcrumb"},"inLanguage":"fr-CA","potentialAction":[{"@type":"ReadAction","target":["https:\/\/www.ficanex.ca\/board-of-directors\/"]}]},{"@type":"BreadcrumbList","@id":"https:\/\/www.ficanex.ca\/board-of-directors\/#breadcrumb","itemListElement":[{"@type":"ListItem","position":1,"name":"Home","item":"https:\/\/www.ficanex.ca\/home\/"},{"@type":"ListItem","position":2,"name":"Board of Directors"}]},{"@type":"WebSite","@id":"https:\/\/www.ficanex.ca\/#website","url":"https:\/\/www.ficanex.ca\/","name":"Ficanex","description":"Surcharge-Free ATM Transactions Across Canada","potentialAction":[{"@type":"SearchAction","target":{"@type":"EntryPoint","urlTemplate":"https:\/\/www.ficanex.ca\/?s={search_term_string}"},"query-input":{"@type":"PropertyValueSpecification","valueRequired":true,"valueName":"search_term_string"}}],"inLanguage":"fr-CA"}]}},"_links":{"self":[{"href":"https:\/\/www.ficanex.ca\/fr\/wp-json\/wp\/v2\/pages\/26","targetHints":{"allow":["GET"]}}],"collection":[{"href":"https:\/\/www.ficanex.ca\/fr\/wp-json\/wp\/v2\/pages"}],"about":[{"href":"https:\/\/www.ficanex.ca\/fr\/wp-json\/wp\/v2\/types\/page"}],"author":[{"embeddable":true,"href":"https:\/\/www.ficanex.ca\/fr\/wp-json\/wp\/v2\/users\/1"}],"replies":[{"embeddable":true,"href":"https:\/\/www.ficanex.ca\/fr\/wp-json\/wp\/v2\/comments?post=26"}],"version-history":[{"count":15,"href":"https:\/\/www.ficanex.ca\/fr\/wp-json\/wp\/v2\/pages\/26\/revisions"}],"predecessor-version":[{"id":580,"href":"https:\/\/www.ficanex.ca\/fr\/wp-json\/wp\/v2\/pages\/26\/revisions\/580"}],"wp:attachment":[{"href":"https:\/\/www.ficanex.ca\/fr\/wp-json\/wp\/v2\/media?parent=26"}],"curies":[{"name":"wp","href":"https:\/\/api.w.org\/{rel}","templated":true}]}}