{"id":71,"date":"2023-05-30T16:17:47","date_gmt":"2023-05-30T23:17:47","guid":{"rendered":"https:\/\/www.ficanex.ca\/?page_id=71"},"modified":"2023-06-05T09:56:36","modified_gmt":"2023-06-05T16:56:36","slug":"terms-conditions","status":"publish","type":"page","link":"https:\/\/www.ficanex.ca\/fr\/terms-conditions\/","title":{"rendered":"Terms and Conditions"},"content":{"rendered":"<style type=\"text\/css\" data-created_by=\"avia_inline_auto\" id=\"style-css-av-1kjpb-2e084b52e6a05133bd4091dac83e2a30\">\n.avia-section.av-1kjpb-2e084b52e6a05133bd4091dac83e2a30{\nbackground-repeat:no-repeat;\nbackground-image:url(https:\/\/www.ficanex.ca\/wp-content\/uploads\/2023\/06\/Across_all_banner.jpg);\nbackground-position:0% 0%;\nbackground-attachment:scroll;\n}\n<\/style>\n<div id='av_section_1'  class='avia-section av-1kjpb-2e084b52e6a05133bd4091dac83e2a30 main_color avia-section-default avia-no-border-styling  avia-builder-el-0  el_before_av_section  avia-builder-el-first  inner-banner avia-full-stretch avia-bg-style-scroll container_wrap fullsize'  data-section-bg-repeat='stretch'><div class='container av-section-cont-open' ><main  role=\"main\" itemprop=\"mainContentOfPage\"  class='template-page content  av-content-full alpha units'><div class='post-entry post-entry-type-page post-entry-71'><div class='entry-content-wrapper clearfix'>\n<div  class='flex_column av-rur7-4c5d59d492e69dc8c6fe7f8ae5368e1f av_one_full  avia-builder-el-1  avia-builder-el-no-sibling  first flex_column_div'     ><section  class='av_textblock_section av-lij34mug-92daf1928f4ae252105f9f6333909562'   itemscope=\"itemscope\" itemtype=\"https:\/\/schema.org\/CreativeWork\" ><div class='avia_textblock'  itemprop=\"text\" ><h1>Legal\/Privacy<\/h1>\n<\/div><\/section><\/div>\n\n<\/div><\/div><\/main><!-- close content main element --><\/div><\/div><div id='av_section_2'  class='avia-section av-2cic7-d60f928dfdc5893a33838946ab5cf9fa main_color avia-section-default avia-no-border-styling  avia-builder-el-3  el_after_av_section  avia-builder-el-last  terms-conditions avia-bg-style-scroll container_wrap fullsize'  ><div class='container av-section-cont-open' ><div class='template-page content  av-content-full alpha units'><div class='post-entry post-entry-type-page post-entry-71'><div class='entry-content-wrapper clearfix'>\n<div  class='flex_column av-1i29v-e449e34f8736791fc8946106e94419cb av_one_full  avia-builder-el-4  avia-builder-el-no-sibling  first flex_column_div'     ><section  class='av_textblock_section av-157mb-7eced5081e76a486d6b1bb0b5ead83ac'   itemscope=\"itemscope\" itemtype=\"https:\/\/schema.org\/CreativeWork\" ><div class='avia_textblock'  itemprop=\"text\" ><h2>CONDITIONS D'UTILISATION<\/h2>\n<p>L'utilisation de ce site Internet (le \u00ab Site \u00bb) de la SARL FICANEX SERVICES (\u00ab FICANEX \u00bb) est soumise aux conditions d'utilisation d\u00e9finies ci-dessous. En utilisant ce Site vous acceptez de vous conformer aux conditions ci-apr\u00e8s d\u00e9finies. Ces conditions peuvent \u00eatre modifi\u00e9es \u00e0 tout moment et nous vous recommandons donc de les consulter \u00e0 chaque fois que vous utiliserez ce Site. Nous vous encourageons fortement \u00e0 prendre le temps de lire les conditions d\u00e9finies ci-dessous.<\/p>\n<h3>Contenu du Site<\/h3>\n<p>Sauf indication contraire, ce Site et tout ce qu'il contient, y compris, et sans s'y limiter, toutes les informations, illustrations, \u00e9l\u00e9ments de mise en page, ic\u00f4nes, donn\u00e9es, textes, fichiers, images, et tout autre document \u00e9crit (ci-apr\u00e8s d\u00e9nomm\u00e9s collectivement le \u00ab Contenu \u00bb), sont la propri\u00e9t\u00e9 intellectuelle poss\u00e9d\u00e9e, controll\u00e9e ou licenci\u00e9e par FICANEX\u00ae. Le contenu de ce site peut \u00eatre utilis\u00e9, en partie ou int\u00e9gralement, pour un usage personnel, non-commercial tant qu'il n'est pas modifi\u00e9 et que tous les droits d'auteurs et autres indications de propri\u00e9t\u00e9 qui figurent dans le Contenu sont maintenus. L'utilisateur peut \u00e9galement t\u00e9l\u00e9charger ou copier le Contenu et autres documents t\u00e9l\u00e9chargeables du Site pour une utilisation personnelle et non-commerciale uniquement. L'utilisateur s'engage \u00e0 ne tirer profit d'aucune information t\u00e9l\u00e9charg\u00e9e ou d'un logiciel soit en le t\u00e9l\u00e9chargeant soit en le copiant. L'utilisateur ne peut reproduire (except\u00e9 comme pr\u00e9cis\u00e9 ci-dessus), publier, transmettre, distribuer, diffuser, modifier, cr\u00e9er des oeuvres d\u00e9riv\u00e9es, vendre (directement ou indirectement), ou exploiter de quelque mani\u00e8re que ce soit, en partie ou en int\u00e9gralit\u00e9, le Contenu, le Site ou tout logiciel y \u00e9tant rattach\u00e9.<\/p>\n<h3>Liens<\/h3>\n<p>Ce Site peut contenir des liens vers d'autres sites Internet. Ces liens vous sont communiqu\u00e9s uniquement \u00e0 des fins pratiques et sont ind\u00e9pendants de notre Site. Nous ne sommes ni les repr\u00e9sentants, ni n'offrons de garanties quant \u00e0 ces sites, leur contenu ou les liens vers lesquels ils renvoient. Ces sites, vers lesquels nous avons des liens, poss\u00e8dent leurs propres conditions d'utilisation que nous vous recommandons de lire avant de les utiliser.<\/p>\n<h3>Exactitude, Modifications et Contr\u00f4le<\/h3>\n<p>FICANEX\u00ae s'efforce d'assurer, au mieux de ses possibilit\u00e9s, l'exactitude des informations avant qu'elles ne soient diffus\u00e9es sur le Site. A tout moment et sans pr\u00e9avis, FICANEX se r\u00e9serve le droit de modifier le Contenu du Site. FICANEX\u00ae n'est pas dans l'obligation de contr\u00f4ler ce Site ou son Contenu et ne peut en aucun cas \u00eatre tenu responsable dans le cas ou le Contenu serait modifi\u00e9 sans son accord.<\/p>\n<h3>Utilisation des Informations<\/h3>\n<p>L'utilisateur s'engage \u00e0 n'utiliser aucune des informations sur ce Site, ou reli\u00e9es \u00e0 ce Site, pour des r\u00e9clamations, actions, poursuites ou proc\u00e8s contre FICANEX\u00ae, ses partenaires \u00e0 responsabilit\u00e9 limit\u00e9, ses partenaires g\u00e9n\u00e9raux, fournisseurs, affili\u00e9s, associ\u00e9s et soci\u00e9t\u00e9s reli\u00e9es.<\/p>\n<h3>Communication d'Utilisation Frauduleuse<\/h3>\n<p>Si vous prenez connaissance d'une utilisation de ce Site, de son Contenu ou du logiciel reli\u00e9, en infraction avec les conditions d'utilisation d\u00e9crites dans cette charte, veuillez en avertir rapidement FICANEX\u00ae.<\/p>\n<h3>Clause de non-responsabilit\u00e9<\/h3>\n<p>Le Site et son Contenu sont fournis \u00ab tel que \u00bb, sans aucune sorte de garantie expresse ou tacite, y compris, et sans s'y limiter, les garanties tacites de possibilit\u00e9 de commercialisation, ou d'aptitude \u00e0 un but quelconque, les garanties de non-violation du droit de propri\u00e9t\u00e9 intellectuelle, de compatibilit\u00e9 de mat\u00e9riel et de logiciel ou d'abscence de virus. L'utilisateur fait usage de ce Site \u00e0 ses risques et p\u00e9rils.<\/p>\n<h3>Clause de non-responsabilit\u00e9<\/h3>\n<p>Tous les produits et services de FICANEX\u00ae, y compris l'adh\u00e9sion \u00e0 THE EXCHANGE\u00ae, sont soumis aux conditions d'accords applicables.<\/p>\n<h3>Virus<\/h3>\n<p>FICANEX\u00ae ne peut \u00eatre tenu pour responsable de tout dommage ou virus qui peuvent d\u00e9teriorer votre ordinateur et son \u00e9quipement, ou tout autre mat\u00e9riel, en relation avec votre acc\u00e8s et\/ou utilisation de ce Site ou du t\u00e9l\u00e9chargement d'informations contenues sur ce Site.<\/p>\n<h3>Propri\u00e9t\u00e9 Intellectuelle<\/h3>\n<p>Les marques, logos, marques de service et autres noms et ic\u00f4nes repr\u00e9sentants des services et produits affich\u00e9s sur ce Site sont des marques d\u00e9pos\u00e9es et non-d\u00e9pos\u00e9es de FICANEX\u00ae, ou sont des licences d'utilisation pour FICANEX\u00ae. Tout particuli\u00e8rement THE EXCHANGE\u00ae et ACCEL\u00ae , y compris les designs et les couleurs des marques respectives sont des licences d'utilisation octroy\u00e9es \u00e0 FICANEX\u00ae par Fiserv EFT.<\/p>\n<h3>Indemnit\u00e9s<\/h3>\n<p>Vous acceptez d'indemniser FICANEX\u00ae, ses partenaires \u00e0 responsabilit\u00e9 limit\u00e9, ses partenaires g\u00e9n\u00e9raux, fournisseurs, affili\u00e9s, associ\u00e9s et soci\u00e9t\u00e9s reli\u00e9es pour tout proc\u00e8s, poursuites, dommages, r\u00e9clamations, demandes, co\u00fbts, d\u00e9penses, jugements et responsabilit\u00e9s de toute sorte en connexion avec votre utilisation du Site, de son Contenu et logiciel associ\u00e9.<\/p>\n<h3>D\u00e9rogation<\/h3>\n<p>En cas d'incapacit\u00e9 de notre part d'insister sur ou de faire \u00e9x\u00e9cuter les clauses de ces conditions d'utilisation, cela ne constituera pas un cas de d\u00e9rogation pour aucune de ces clauses ou droits contenus dans ces conditions d'utilisation. De plus, une d\u00e9rogation de notre part, en cas de d'infraction de votre part d'une clause de ces conditions d'utilisation, ne sera pas consid\u00e9r\u00e9e et ne constituera pas une d\u00e9rogation pour toute infraction ult\u00e9rieure de cette clause ou de toute autre clause.<\/p>\n<h3>Lois Applicables<\/h3>\n<p>Ces conditions d'utilisation sont sujettes aux lois de la Province de British Columbia et des lois en vigueur au Canada. Tout litige survenant par rapport \u00e0 l'\u00e9x\u00e9cution ou \u00e0 l'interpr\u00e9tation de ces conditions d'utilisation sera r\u00e9solu uniquement par les cours de la Province de British Columbia.<\/p>\n<h3>CLAUSE DE CONFIDENTIALIT\u00c9<\/h3>\n<p>Nous maintiendrons confidentielle toute information personnelle que vous nous communiquerez. Vos informations personnelles seront uniquement utilis\u00e9es pour nos besoin internes. Vos donn\u00e9es personnelles ne seront pas transmises \u00e0 des tiers.<\/p>\n<\/div><\/section><\/div>","protected":false},"excerpt":{"rendered":"","protected":false},"author":1,"featured_media":0,"parent":0,"menu_order":0,"comment_status":"closed","ping_status":"closed","template":"","meta":{"footnotes":""},"class_list":["post-71","page","type-page","status-publish","hentry"],"yoast_head":"<!-- This site is optimized with the Yoast SEO plugin v27.2 - https:\/\/yoast.com\/product\/yoast-seo-wordpress\/ -->\n<title>Terms and Conditions - Ficanex<\/title>\n<meta name=\"robots\" content=\"index, follow, max-snippet:-1, max-image-preview:large, max-video-preview:-1\" \/>\n<link rel=\"canonical\" href=\"https:\/\/www.ficanex.ca\/fr\/terms-conditions\/\" \/>\n<script type=\"application\/ld+json\" class=\"yoast-schema-graph\">{\"@context\":\"https:\/\/schema.org\",\"@graph\":[{\"@type\":\"WebPage\",\"@id\":\"https:\/\/www.ficanex.ca\/terms-conditions\/\",\"url\":\"https:\/\/www.ficanex.ca\/terms-conditions\/\",\"name\":\"Terms and Conditions - Ficanex\",\"isPartOf\":{\"@id\":\"https:\/\/www.ficanex.ca\/#website\"},\"datePublished\":\"2023-05-30T23:17:47+00:00\",\"dateModified\":\"2023-06-05T16:56:36+00:00\",\"breadcrumb\":{\"@id\":\"https:\/\/www.ficanex.ca\/terms-conditions\/#breadcrumb\"},\"inLanguage\":\"fr-CA\",\"potentialAction\":[{\"@type\":\"ReadAction\",\"target\":[\"https:\/\/www.ficanex.ca\/terms-conditions\/\"]}]},{\"@type\":\"BreadcrumbList\",\"@id\":\"https:\/\/www.ficanex.ca\/terms-conditions\/#breadcrumb\",\"itemListElement\":[{\"@type\":\"ListItem\",\"position\":1,\"name\":\"Home\",\"item\":\"https:\/\/www.ficanex.ca\/home\/\"},{\"@type\":\"ListItem\",\"position\":2,\"name\":\"Terms and Conditions\"}]},{\"@type\":\"WebSite\",\"@id\":\"https:\/\/www.ficanex.ca\/#website\",\"url\":\"https:\/\/www.ficanex.ca\/\",\"name\":\"Ficanex\",\"description\":\"Surcharge-Free ATM Transactions Across Canada\",\"potentialAction\":[{\"@type\":\"SearchAction\",\"target\":{\"@type\":\"EntryPoint\",\"urlTemplate\":\"https:\/\/www.ficanex.ca\/?s={search_term_string}\"},\"query-input\":{\"@type\":\"PropertyValueSpecification\",\"valueRequired\":true,\"valueName\":\"search_term_string\"}}],\"inLanguage\":\"fr-CA\"}]}<\/script>\n<!-- \/ Yoast SEO plugin. -->","yoast_head_json":{"title":"Terms and Conditions - Ficanex","robots":{"index":"index","follow":"follow","max-snippet":"max-snippet:-1","max-image-preview":"max-image-preview:large","max-video-preview":"max-video-preview:-1"},"canonical":"https:\/\/www.ficanex.ca\/fr\/terms-conditions\/","schema":{"@context":"https:\/\/schema.org","@graph":[{"@type":"WebPage","@id":"https:\/\/www.ficanex.ca\/terms-conditions\/","url":"https:\/\/www.ficanex.ca\/terms-conditions\/","name":"Terms and Conditions - Ficanex","isPartOf":{"@id":"https:\/\/www.ficanex.ca\/#website"},"datePublished":"2023-05-30T23:17:47+00:00","dateModified":"2023-06-05T16:56:36+00:00","breadcrumb":{"@id":"https:\/\/www.ficanex.ca\/terms-conditions\/#breadcrumb"},"inLanguage":"fr-CA","potentialAction":[{"@type":"ReadAction","target":["https:\/\/www.ficanex.ca\/terms-conditions\/"]}]},{"@type":"BreadcrumbList","@id":"https:\/\/www.ficanex.ca\/terms-conditions\/#breadcrumb","itemListElement":[{"@type":"ListItem","position":1,"name":"Home","item":"https:\/\/www.ficanex.ca\/home\/"},{"@type":"ListItem","position":2,"name":"Terms and Conditions"}]},{"@type":"WebSite","@id":"https:\/\/www.ficanex.ca\/#website","url":"https:\/\/www.ficanex.ca\/","name":"Ficanex","description":"Surcharge-Free ATM Transactions Across Canada","potentialAction":[{"@type":"SearchAction","target":{"@type":"EntryPoint","urlTemplate":"https:\/\/www.ficanex.ca\/?s={search_term_string}"},"query-input":{"@type":"PropertyValueSpecification","valueRequired":true,"valueName":"search_term_string"}}],"inLanguage":"fr-CA"}]}},"_links":{"self":[{"href":"https:\/\/www.ficanex.ca\/fr\/wp-json\/wp\/v2\/pages\/71","targetHints":{"allow":["GET"]}}],"collection":[{"href":"https:\/\/www.ficanex.ca\/fr\/wp-json\/wp\/v2\/pages"}],"about":[{"href":"https:\/\/www.ficanex.ca\/fr\/wp-json\/wp\/v2\/types\/page"}],"author":[{"embeddable":true,"href":"https:\/\/www.ficanex.ca\/fr\/wp-json\/wp\/v2\/users\/1"}],"replies":[{"embeddable":true,"href":"https:\/\/www.ficanex.ca\/fr\/wp-json\/wp\/v2\/comments?post=71"}],"version-history":[{"count":3,"href":"https:\/\/www.ficanex.ca\/fr\/wp-json\/wp\/v2\/pages\/71\/revisions"}],"predecessor-version":[{"id":207,"href":"https:\/\/www.ficanex.ca\/fr\/wp-json\/wp\/v2\/pages\/71\/revisions\/207"}],"wp:attachment":[{"href":"https:\/\/www.ficanex.ca\/fr\/wp-json\/wp\/v2\/media?parent=71"}],"curies":[{"name":"wp","href":"https:\/\/api.w.org\/{rel}","templated":true}]}}